{"id":1686,"date":"2023-08-16T13:06:53","date_gmt":"2023-08-16T11:06:53","guid":{"rendered":"https:\/\/aetherische-oele.net\/WP\/login\/"},"modified":"2025-01-17T19:00:00","modified_gmt":"2025-01-17T18:00:00","slug":"login","status":"publish","type":"page","link":"https:\/\/aetherische-oele.net\/WP\/login\/","title":{"rendered":"Login"},"content":{"rendered":"            <form name=\"pms_login\" id=\"pms_login\" class=\"pms-form \" action=\"\" method=\"post\">\n                \n                <p class=\"login-username\">\n                    <label for=\"user_login\">Benutzername oder Email<\/label>\n                    <input type=\"text\" name=\"log\" id=\"user_login\" class=\"input\" value=\"\" size=\"20\" \/>\n                <\/p>\n\n                <p class=\"login-password\">\n                    <label for=\"user_pass\">Passwort<\/label>\n                    <input type=\"password\" name=\"pwd\" id=\"user_pass\" class=\"input\" value=\"\" size=\"20\" \/>\n                <\/p>\n\n                \n                                    <p class=\"login-remember\">\n                        <input name=\"rememberme\" type=\"checkbox\" id=\"rememberme\" value=\"forever\"  \/>\n\n                        <label for=\"rememberme\">\n                            Passwort merken                        <\/label>\n                    <\/p>\n                \n                <p class=\"login-submit\">\n                    <input type=\"submit\" name=\"wp-submit\" id=\"wp-submit\" class=\"button button-primary\" value=\"Anmelden\" \/>\n                    <input type=\"hidden\" name=\"redirect_to\" value=\"https:\/\/aetherische-oele.net\/WP\/wp-json\/wp\/v2\/pages\/1686\" \/>\n                    <input type=\"hidden\" name=\"pms_login_nonce\" value=\"9462b28e1f\" \/>\n                <\/p>\n\n                <p class=\"login-extra\">\n                    <input type=\"hidden\" name=\"pms_login\" value=\"1\" \/><input type=\"hidden\" name=\"pms_redirect\" value=\"https:\/\/aetherische-oele.net\/WP\/wp-json\/wp\/v2\/pages\/1686\" \/><a class=\"register\" href=\"https:\/\/aetherische-oele.net\/WP\/register\/\">Registrieren<\/a><span class=\"separator\">|<\/span><a class=\"lostpassword\" href=\"https:\/\/aetherische-oele.net\/WP\/password-reset\/\">Passwort vergessen?<\/a>                <\/p>\n            <\/form>\n        \n<p>&nbsp;<\/p>\n<p><span style=\"font-size: 20px;\"><a href=\"https:\/\/aetherische-oele.net\/WP\/mitgliederbereich\/\">Hier geht es zu den Downloaddateien<\/a><\/span><\/p>\n<p>&nbsp;<\/p>\n<p>Bitte beachten Sie, dass dies Dateien nicht weitergegeben werden d\u00fcrfen!<\/p>\n","protected":false},"excerpt":{"rendered":"<p>&nbsp; Hier geht es zu den Downloaddateien &nbsp; Bitte beachten Sie, dass dies Dateien nicht weitergegeben werden d\u00fcrfen!<\/p>\n","protected":false},"author":1,"featured_media":0,"parent":0,"menu_order":0,"comment_status":"closed","ping_status":"closed","template":"","meta":{"_coblocks_attr":"","_coblocks_dimensions":"","_coblocks_responsive_height":"","_coblocks_accordion_ie_support":"","_metis_text_type":"standard","_metis_text_length":171,"_post_count":0,"footnotes":""},"class_list":["post-1686","page","type-page","status-publish","hentry"],"yoast_head":"<!-- This site is optimized with the Yoast SEO plugin v27.4 - https:\/\/yoast.com\/product\/yoast-seo-wordpress\/ -->\n<title>Login - Aromatherapie - Aromapflege - \u00c4therische \u00d6le<\/title>\n<meta name=\"robots\" content=\"index, follow, max-snippet:-1, max-image-preview:large, max-video-preview:-1\" \/>\n<link rel=\"canonical\" href=\"https:\/\/aetherische-oele.net\/WP\/login\/\" \/>\n<meta property=\"og:locale\" content=\"de_DE\" \/>\n<meta property=\"og:type\" content=\"article\" \/>\n<meta property=\"og:title\" content=\"Login - Aromatherapie - Aromapflege - \u00c4therische \u00d6le\" \/>\n<meta property=\"og:description\" content=\"&nbsp; Hier geht es zu den Downloaddateien &nbsp; Bitte beachten Sie, dass dies Dateien nicht weitergegeben werden d\u00fcrfen!\" \/>\n<meta property=\"og:url\" content=\"https:\/\/aetherische-oele.net\/WP\/login\/\" \/>\n<meta property=\"og:site_name\" content=\"Aromatherapie - Aromapflege - \u00c4therische \u00d6le\" \/>\n<meta property=\"article:modified_time\" content=\"2025-01-17T18:00:00+00:00\" \/>\n<meta name=\"twitter:card\" content=\"summary_large_image\" \/>\n<meta name=\"twitter:label1\" content=\"Gesch\u00e4tzte Lesezeit\" \/>\n\t<meta name=\"twitter:data1\" content=\"1\u00a0Minute\" \/>\n<script type=\"application\/ld+json\" class=\"yoast-schema-graph\">{\"@context\":\"https:\\\/\\\/schema.org\",\"@graph\":[{\"@type\":\"WebPage\",\"@id\":\"https:\\\/\\\/aetherische-oele.net\\\/WP\\\/login\\\/\",\"url\":\"https:\\\/\\\/aetherische-oele.net\\\/WP\\\/login\\\/\",\"name\":\"Login - Aromatherapie - Aromapflege - \u00c4therische \u00d6le\",\"isPartOf\":{\"@id\":\"https:\\\/\\\/aetherische-oele.net\\\/WP\\\/#website\"},\"datePublished\":\"2023-08-16T11:06:53+00:00\",\"dateModified\":\"2025-01-17T18:00:00+00:00\",\"breadcrumb\":{\"@id\":\"https:\\\/\\\/aetherische-oele.net\\\/WP\\\/login\\\/#breadcrumb\"},\"inLanguage\":\"de\",\"potentialAction\":[{\"@type\":\"ReadAction\",\"target\":[\"https:\\\/\\\/aetherische-oele.net\\\/WP\\\/login\\\/\"]}]},{\"@type\":\"BreadcrumbList\",\"@id\":\"https:\\\/\\\/aetherische-oele.net\\\/WP\\\/login\\\/#breadcrumb\",\"itemListElement\":[{\"@type\":\"ListItem\",\"position\":1,\"name\":\"Startseite\",\"item\":\"https:\\\/\\\/aetherische-oele.net\\\/WP\\\/\"},{\"@type\":\"ListItem\",\"position\":2,\"name\":\"Login\"}]},{\"@type\":\"WebSite\",\"@id\":\"https:\\\/\\\/aetherische-oele.net\\\/WP\\\/#website\",\"url\":\"https:\\\/\\\/aetherische-oele.net\\\/WP\\\/\",\"name\":\"Aromatherapie - Aromapflege - \u00c4therische \u00d6le\",\"description\":\"Das Kompendium online\",\"potentialAction\":[{\"@type\":\"SearchAction\",\"target\":{\"@type\":\"EntryPoint\",\"urlTemplate\":\"https:\\\/\\\/aetherische-oele.net\\\/WP\\\/?s={search_term_string}\"},\"query-input\":{\"@type\":\"PropertyValueSpecification\",\"valueRequired\":true,\"valueName\":\"search_term_string\"}}],\"inLanguage\":\"de\"}]}<\/script>\n<!-- \/ Yoast SEO plugin. -->","yoast_head_json":{"title":"Login - Aromatherapie - Aromapflege - \u00c4therische \u00d6le","robots":{"index":"index","follow":"follow","max-snippet":"max-snippet:-1","max-image-preview":"max-image-preview:large","max-video-preview":"max-video-preview:-1"},"canonical":"https:\/\/aetherische-oele.net\/WP\/login\/","og_locale":"de_DE","og_type":"article","og_title":"Login - Aromatherapie - Aromapflege - \u00c4therische \u00d6le","og_description":"&nbsp; Hier geht es zu den Downloaddateien &nbsp; Bitte beachten Sie, dass dies Dateien nicht weitergegeben werden d\u00fcrfen!","og_url":"https:\/\/aetherische-oele.net\/WP\/login\/","og_site_name":"Aromatherapie - Aromapflege - \u00c4therische \u00d6le","article_modified_time":"2025-01-17T18:00:00+00:00","twitter_card":"summary_large_image","twitter_misc":{"Gesch\u00e4tzte Lesezeit":"1\u00a0Minute"},"schema":{"@context":"https:\/\/schema.org","@graph":[{"@type":"WebPage","@id":"https:\/\/aetherische-oele.net\/WP\/login\/","url":"https:\/\/aetherische-oele.net\/WP\/login\/","name":"Login - Aromatherapie - Aromapflege - \u00c4therische \u00d6le","isPartOf":{"@id":"https:\/\/aetherische-oele.net\/WP\/#website"},"datePublished":"2023-08-16T11:06:53+00:00","dateModified":"2025-01-17T18:00:00+00:00","breadcrumb":{"@id":"https:\/\/aetherische-oele.net\/WP\/login\/#breadcrumb"},"inLanguage":"de","potentialAction":[{"@type":"ReadAction","target":["https:\/\/aetherische-oele.net\/WP\/login\/"]}]},{"@type":"BreadcrumbList","@id":"https:\/\/aetherische-oele.net\/WP\/login\/#breadcrumb","itemListElement":[{"@type":"ListItem","position":1,"name":"Startseite","item":"https:\/\/aetherische-oele.net\/WP\/"},{"@type":"ListItem","position":2,"name":"Login"}]},{"@type":"WebSite","@id":"https:\/\/aetherische-oele.net\/WP\/#website","url":"https:\/\/aetherische-oele.net\/WP\/","name":"Aromatherapie - Aromapflege - \u00c4therische \u00d6le","description":"Das Kompendium online","potentialAction":[{"@type":"SearchAction","target":{"@type":"EntryPoint","urlTemplate":"https:\/\/aetherische-oele.net\/WP\/?s={search_term_string}"},"query-input":{"@type":"PropertyValueSpecification","valueRequired":true,"valueName":"search_term_string"}}],"inLanguage":"de"}]}},"jetpack_sharing_enabled":true,"_links":{"self":[{"href":"https:\/\/aetherische-oele.net\/WP\/wp-json\/wp\/v2\/pages\/1686","targetHints":{"allow":["GET"]}}],"collection":[{"href":"https:\/\/aetherische-oele.net\/WP\/wp-json\/wp\/v2\/pages"}],"about":[{"href":"https:\/\/aetherische-oele.net\/WP\/wp-json\/wp\/v2\/types\/page"}],"author":[{"embeddable":true,"href":"https:\/\/aetherische-oele.net\/WP\/wp-json\/wp\/v2\/users\/1"}],"replies":[{"embeddable":true,"href":"https:\/\/aetherische-oele.net\/WP\/wp-json\/wp\/v2\/comments?post=1686"}],"version-history":[{"count":2,"href":"https:\/\/aetherische-oele.net\/WP\/wp-json\/wp\/v2\/pages\/1686\/revisions"}],"predecessor-version":[{"id":3808,"href":"https:\/\/aetherische-oele.net\/WP\/wp-json\/wp\/v2\/pages\/1686\/revisions\/3808"}],"wp:attachment":[{"href":"https:\/\/aetherische-oele.net\/WP\/wp-json\/wp\/v2\/media?parent=1686"}],"curies":[{"name":"wp","href":"https:\/\/api.w.org\/{rel}","templated":true}]}}