{"id":346,"date":"2023-07-31T16:03:09","date_gmt":"2023-07-31T14:03:09","guid":{"rendered":"https:\/\/aetherische-oele.net\/WP\/?page_id=346"},"modified":"2023-07-31T16:03:09","modified_gmt":"2023-07-31T14:03:09","slug":"traegeroele","status":"publish","type":"page","link":"https:\/\/aetherische-oele.net\/WP\/traegeroele\/","title":{"rendered":"Tr\u00e4ger\u00f6le"},"content":{"rendered":"<div>\n<p><strong>Damit man \u00e4therische \u00d6le verd\u00fcnnen kann oder <a href=\"https:\/\/aetherische-oele.net\/WP\/dosierungen-von-aetherischen-oelen-in-oel-mischungen\/\">Mischungen<\/a> aus \u00e4therischen \u00d6len herstellen kann, braucht man so genannte Tr\u00e4ger\u00f6le. Diese Tr\u00e4ger\u00f6le haben wiederum selbst heilende Eigenschaften, die man bei der Art der Anwendung beachten sollte.<\/strong><\/p>\n<h3>Aprikosen\u00f6l<\/h3>\n<p><a href=\"https:\/\/aetherische-oele.net\/WP\/aprikosenoel-2\/\">Aprikosen\u00f6l<\/a> als nat\u00fcrliches Pflegemittel ist f\u00fcr die Haut sehr empfehlenswert. Es sch\u00fctzt unsere Haut vor sch\u00e4dlichen Umwelteinfl\u00fcssen oder vor chemischen Inhaltsstoffen in kosmetischen Produkten.<\/p>\n<p>Geeignet f\u00fcr alle Hauttypen und besonders gut f\u00fcr trockene oder entz\u00fcndete Haut.<br \/>\nKann pur verwendet werden oder auch mit anderen \u00d6len gemischt werden. Aprikosenkern\u00f6l ist besonders geeignet f\u00fcr die reife Haut, trockene und normale Haut.<\/p>\n<p><a href=\"https:\/\/www.aetherische-oele.net\/aetherische-oele\/aprikosenoel.shtml\">Mehr dazu hier&#8230;<\/a><\/p>\n<h3>Avocado\u00f6l<\/h3>\n<p>Die Avocado stammt urspr\u00fcnglich aus Brasilien, wird heute aber \u00fcberwiegend in Amerika, Mexiko und Israel gez\u00fcchtet. Das \u00d6l der Avocado gewinnt man aus dem Fruchtfleisch. Darin sind besonders viele Vitamine, es enth\u00e4lt gro\u00dfe Mengen an Vitamin A, B1, B2, D und E. Auch Aminos\u00e4uren, Sterine, Pantothens\u00e4ure, Lecithin und anderen essenziellen Fetts\u00e4uren sind enthalten.<\/p>\n<p>Das Avocado\u00f6l ist besonders bei empfindlicher und spr\u00f6der Haut geeignet, es zieht besonders schnell ein und kann leicht auf der Haut verteilt werden. Zudem l\u00f6st Avocado\u00f6l kaum allergische Reaktionen aus.<\/p>\n<p>Es eignet sich besonders gut bei Hautproblemen wie Neurodermitis, Psoriasis und anderen Hautkrankheiten. Das Avocado\u00f6l ist unraffiniert ein relativ dickes \u00d6l, das aber gut mit anderen Tr\u00e4ger\u00f6len verd\u00fcnnt werden kann. Eignet sich sehr gut bei empfindlicher Haut, unreiner Haut und andere Hautirritationen, die vitaminreiches \u00d6l erfordern.<\/p>\n<h3>Sonnenblumen\u00f6l<\/h3>\n<p>Sonnenblumen\u00f6l ist reich an Vitamin A, D und E, hat auch positive Mengen Lecithin und unges\u00e4ttigter Fetts\u00e4uren. Tief n\u00e4hrend f\u00fcr die Haut empfiehlt es sich bei trockener, gealterter und gesch\u00e4digter Haut.<\/p>\n<h3>Ringelblumen\u00f6l<\/h3>\n<p>Das Ringelblumen\u00f6l eignet sich besonders zur Hautpflege und auch zur Haarpflege. Man verwendet es auch oft in der Sch\u00f6nheitspflege, da die Ringelblume eine wundheilende Eigenschaft hat und so die Haut bei kleinsten Verletzungen heilt.<\/p>\n<h3>Das Johanniskraut\u00f6l, auch Rot\u00f6l genannt<\/h3>\n<p>Das Johanniskraut\u00f6l enth\u00e4lt unter anderem Gerbstoffe und Phytosterine. Es ist ebenfalls ein wundheilendes \u00d6l, das man gut bei besonders empfindlicher Haut einsetzen kann. Allerdings muss man aufpassen: Rot\u00f6l macht die Haut empfindlich gegen\u00fcber UV-Licht, man sollte also nicht gleich nach einer Behandlung mit einem johanniskrauthaltigem \u00d6l in die Sonne gehen.<\/p>\n<h3>Jojoba\u00f6l<\/h3>\n<p>Das Jojoba\u00f6l ist eigentlich gar kein \u00d6l, sondern eigentlich fl\u00fcssiges Wachs. Deswegen wird es auch nicht ranzig wie \u00d6l, was sich in einer deutlich l\u00e4ngeren Haltbarkeit zeigt.<\/p>\n<p>Im Jojoba\u00f6l sind unter anderem die Vitamin A, E und F enthalten.<br \/>\nJojoba\u00f6l bietet Schutz gegen UV-Strahlen, es h\u00e4lt unsere Haut besonders weich und sch\u00f6n geschmeidig, ohne dass es klebt, man kann es sogar f\u00fcr die Haare verwenden.<\/p>\n<h3>Mandel\u00f6l<\/h3>\n<p>Man gewinnt das Mandel\u00f6l aus den Samen der Mandeln. Das \u00d6l ist farblos und enth\u00e4lt Eiwei\u00dfe, Vitamine A, B und E, Enzyme, Mineralsalze und Spurenelemente. Dies ist eines der am meist genutzten Tr\u00e4ger\u00f6le, gro\u00dfartig geeignet f\u00fcr alle Hauttypen. Das \u00d6l ist aber besonders f\u00fcr trockene Haut und f\u00fcr spr\u00f6de Haut geeignet. Es n\u00e4hrt und pflegt die Haut, ist bekannt f\u00fcr seine F\u00e4higkeit zu erweichen, zu beruhigen, und zu regenerieren. Es ist wirklich ein wunderbares Tr\u00e4ger\u00f6l und ebenso hervorragend geeignet f\u00fcr die Zugabe zu K\u00f6rperpflege-Produkten. Nat\u00fcrliches gepresstes \u00d6l aus rohen Mandelkernen ist besonders reich an Fetts\u00e4uren.<\/p>\n<h3>Kokos\u00f6l<\/h3>\n<p>Kokos\u00f6l ist ebenso ein \u00d6l der Wahl f\u00fcr viele Anwendungen in der Welt der nat\u00fcrlichen Heilung. Es ist in der Ern\u00e4hrung und f\u00fcr die Haut sehr gut. W\u00e4hrend der Name &#8222;fraktioniert&#8220; ein wenig seltsam erscheint, bedeutet es nichts anderes, als dass die langen Molek\u00fclketten im \u00d6l in k\u00fcrzere Molek\u00fclketten aufgespalten wurden. Das Verfahren erm\u00f6glicht es, dass das Kokos\u00f6l bei Raumtemperatur fl\u00fcssig ist, denn ansonsten w\u00e4re es fest und hart.<\/p>\n<p>Fraktioniertes Kokosnuss\u00f6l ist ein perfektes Basis\u00f6l f\u00fcr Massagen, zur Hautpflege und f\u00fcr nat\u00fcrliche Parf\u00fcme. Es hat praktisch keinen Eigengeruch und eine sehr lange Haltbarkeit, ein ausgezeichnetes &#8222;Hautgef\u00fchl&#8220; und heilende F\u00e4higkeiten bei einer Vielzahl von Hauterkrankungen.<\/p>\n<h2>Kukui<\/h2>\n<p>Hoch an den Vitaminen C, D und E sowie anderen Antioxidantien.<br \/>\nKukuinu\u00df\u00f6l ist von unsch\u00e4tzbarem Wert f\u00fcr die Verj\u00fcngung und Heilung der Haut, es versorgt die Haut Feuchtigkeit. Besonders geeignet bei trockener, reifer und gesch\u00e4digter Haut.<br \/>\nDas kalt gepresste, leicht raffinierte \u00d6l eignet sich hervorragend f\u00fcr den Einsatz auf Haut mit Psoriasis und Ekzemen sowie Haut, die durch die Umwelt besch\u00e4digt wurde.<\/p>\n<p>Derzeit wird das Kukui\u00f6l in einigen Krankenh\u00e4usern in Hawaii und in mehreren Krebszentren f\u00fcr die Behandlung von Krebspatienten eingesetzt. Genaue Ergebnisse stehen leider noch aus.<\/p>\n<h3>Nachtkerzen\u00f6l<\/h3>\n<p>Das Nachtkerzen\u00f6l ist ein so genanntes fettes \u00d6l und wird aus dem Samen der gelben Bl\u00fcten der Nachtkerze gewonnen. Das Nachtkerzen\u00f6l ist relativ teuer und sollte deshalb am besten f\u00fcr Gesichts\u00f6le verwendet werden, wo man keine allzu gro\u00dfe Mengen verbraucht.<br \/>\nNachtkerzen\u00f6l sollte man stets k\u00fchl aufbewahren, da es sehr schnell ranzig wird.<\/p>\n<h3>Oliven\u00f6l<\/h3>\n<p>Das Oliven\u00f6l war schon in der Antike ein hoch gesch\u00e4tzter Rohstoff, der durch das Auspressen der Oliven gewonnen wurde und auch heute immer noch gewonnen wird.<\/p>\n<p>Das Oliven\u00f6l regeneriert und pflegt unsere Haut und ist in verschiedenen Preiskategorien und G\u00fcteklassen erh\u00e4ltlich. Man kann es f\u00fcr Tr\u00e4ger\u00f6le genauso wie in der K\u00fcche verwenden. Mit der Qualit\u00e4t des \u00d6les in der Naturkosmetik verh\u00e4lt es sich genauso wie in der K\u00fcche: Kalt gepresstes Oliven\u00f6l ist das beste Oliven\u00f6l.<\/p>\n<p>In der Industrie wird das Oliven\u00f6l oft als Tr\u00e4ger f\u00fcr Cremes verwendet, um ihnen eine besondere Geschmeidigkeit zu verleihen.<\/p>\n<h3>Weizenkeim\u00f6l<\/h3>\n<p>Das Weizenkeim\u00f6l ist sehr d\u00fcnnfl\u00fcssig und gold-gelb. Man gewinnt es durch eine Pressung des Weizens. Weizenkeim\u00f6l wird in den letzten Jahren immer h\u00e4ufiger zur Hautpflege verwendet.<br \/>\nDieses \u00d6l enth\u00e4lt unges\u00e4ttigte Fetts\u00e4uren und Vitamine, es ist oxidationshemmend und wird deswegen nicht schnell ranzig. Weizenkeim\u00f6l hat jedoch einen sehr intensiven Eigengeruch und sollte deshalb nur vorsichtig dosiert werden.<\/p>\n<h3>Traubenkern\u00f6l<\/h3>\n<p>Traubenkern\u00f6l ist ebenfalls sehr d\u00fcnnfl\u00fcssig und dringt schnell in die Haut ein.<\/p>\n<h3>Hagebuttensamen\u00f6l<\/h3>\n<p>Ein luxuri\u00f6ses \u00d6l zur Behandlung von Falten, Narben und entz\u00fcndeter Haut.<br \/>\nMacht die Haut sehr glatt und verleiht ein sch\u00f6nes Gef\u00fchl.<br \/>\nNur sparsam verwenden, das Verh\u00e4ltnis 1:9 mit einem anderen Tr\u00e4ger\u00f6l reicht vollkommen aus.<br \/>\nDas \u00d6l hat eine leicht r\u00f6tliche Farbe, dies stammt von der reifen Frucht der Hagebutte.<br \/>\nHagebuttenkern\u00f6l wurde ausgiebig f\u00fcr seine die Haut regenerierenden Eigenschaften in F\u00e4llen von Sonnensch\u00e4den, Narben und anderen Hautproblemen untersucht.<\/p>\n<h3>Haselnuss\u00f6l<\/h3>\n<p>Gilt als das sanfteste der Tr\u00e4ger\u00f6le, so dass es f\u00fcr alle Hauttypen geeignet ist.<\/p>\n<p>Haselnuss\u00f6l ist bekannt f\u00fcr seine adstringierende Eigenschaften.<\/p>\n<h2>Die richtige Dosierung<\/h2>\n<p>Nat\u00fcrlich ist es wichtig, f\u00fcr das jeweilige Anwendungsgebiet die richtige Dosierung vorzunehmen.<\/p>\n<p>Das Vermischen des \u00e4therischen \u00d6les mit dem Tr\u00e4ger\u00f6l ist dann relativ einfach: man gibt das \u00e4therische \u00d6l in eine dunkle Flasche und gibt das Tr\u00e4ger\u00f6l dazu. Dann verschlie\u00dft man die Flasche und sch\u00fcttelt alles gut durch. Zum Schluss beschriftet man die Flasche, so dass man auch Wochen sp\u00e4ter noch wei\u00df, was darin ist.<\/p>\n<p>F\u00fcr Massage\u00f6le oder Gesichts\u00f6le verwendet man 100 ml Tr\u00e4ger\u00f6l mit rund 15-20 Tropfen der \u00e4therischen \u00d6le.<\/p>\n<p>F\u00fcr Teilmassagen des K\u00f6rpers verwendet man 100 ml Tr\u00e4ger\u00f6l und 30-40 Tropfen \u00e4therisches \u00d6l.<\/p>\n<p>F\u00fcr B\u00e4der verwendet man 60 ml Tr\u00e4ger\u00f6l und 20 Tropfen \u00e4therisches \u00d6l<\/p>\n<p>F\u00fcr Haar-\u00d6le verwendet man am besten 70 ml Jojoba\u00f6l mit 30 Tropfen \u00e4therischem \u00d6l.<\/p>\n<\/div>\n","protected":false},"excerpt":{"rendered":"<p>Damit man \u00e4therische \u00d6le verd\u00fcnnen kann oder Mischungen aus \u00e4therischen \u00d6len herstellen kann, braucht man so genannte Tr\u00e4ger\u00f6le. Diese Tr\u00e4ger\u00f6le haben wiederum selbst heilende Eigenschaften, die man bei der Art der Anwendung beachten sollte. Aprikosen\u00f6l Aprikosen\u00f6l als nat\u00fcrliches Pflegemittel ist f\u00fcr die Haut sehr empfehlenswert. Es sch\u00fctzt unsere Haut vor sch\u00e4dlichen Umwelteinfl\u00fcssen oder vor chemischen [&hellip;]<\/p>\n","protected":false},"author":1,"featured_media":0,"parent":0,"menu_order":0,"comment_status":"closed","ping_status":"closed","template":"","meta":{"_coblocks_attr":"","_coblocks_dimensions":"","_coblocks_responsive_height":"","_coblocks_accordion_ie_support":"","_metis_text_type":"standard","_metis_text_length":7811,"_post_count":0,"footnotes":""},"class_list":["post-346","page","type-page","status-publish","hentry"],"yoast_head":"<!-- This site is optimized with the Yoast SEO plugin v27.3 - https:\/\/yoast.com\/product\/yoast-seo-wordpress\/ -->\n<title>Tr\u00e4ger\u00f6le - Aromatherapie - Aromapflege - \u00c4therische \u00d6le<\/title>\n<meta name=\"robots\" content=\"index, follow, max-snippet:-1, max-image-preview:large, max-video-preview:-1\" \/>\n<link rel=\"canonical\" href=\"https:\/\/aetherische-oele.net\/WP\/traegeroele\/\" \/>\n<meta property=\"og:locale\" content=\"de_DE\" \/>\n<meta property=\"og:type\" content=\"article\" \/>\n<meta property=\"og:title\" content=\"Tr\u00e4ger\u00f6le - Aromatherapie - Aromapflege - \u00c4therische \u00d6le\" \/>\n<meta property=\"og:description\" content=\"Damit man \u00e4therische \u00d6le verd\u00fcnnen kann oder Mischungen aus \u00e4therischen \u00d6len herstellen kann, braucht man so genannte Tr\u00e4ger\u00f6le. Diese Tr\u00e4ger\u00f6le haben wiederum selbst heilende Eigenschaften, die man bei der Art der Anwendung beachten sollte. Aprikosen\u00f6l Aprikosen\u00f6l als nat\u00fcrliches Pflegemittel ist f\u00fcr die Haut sehr empfehlenswert. Es sch\u00fctzt unsere Haut vor sch\u00e4dlichen Umwelteinfl\u00fcssen oder vor chemischen [&hellip;]\" \/>\n<meta property=\"og:url\" content=\"https:\/\/aetherische-oele.net\/WP\/traegeroele\/\" \/>\n<meta property=\"og:site_name\" content=\"Aromatherapie - Aromapflege - \u00c4therische \u00d6le\" \/>\n<meta name=\"twitter:card\" content=\"summary_large_image\" \/>\n<meta name=\"twitter:label1\" content=\"Gesch\u00e4tzte Lesezeit\" \/>\n\t<meta name=\"twitter:data1\" content=\"7\u00a0Minuten\" \/>\n<script type=\"application\/ld+json\" class=\"yoast-schema-graph\">{\"@context\":\"https:\\\/\\\/schema.org\",\"@graph\":[{\"@type\":\"WebPage\",\"@id\":\"https:\\\/\\\/aetherische-oele.net\\\/WP\\\/traegeroele\\\/\",\"url\":\"https:\\\/\\\/aetherische-oele.net\\\/WP\\\/traegeroele\\\/\",\"name\":\"Tr\u00e4ger\u00f6le - Aromatherapie - Aromapflege - \u00c4therische \u00d6le\",\"isPartOf\":{\"@id\":\"https:\\\/\\\/aetherische-oele.net\\\/WP\\\/#website\"},\"datePublished\":\"2023-07-31T14:03:09+00:00\",\"breadcrumb\":{\"@id\":\"https:\\\/\\\/aetherische-oele.net\\\/WP\\\/traegeroele\\\/#breadcrumb\"},\"inLanguage\":\"de\",\"potentialAction\":[{\"@type\":\"ReadAction\",\"target\":[\"https:\\\/\\\/aetherische-oele.net\\\/WP\\\/traegeroele\\\/\"]}]},{\"@type\":\"BreadcrumbList\",\"@id\":\"https:\\\/\\\/aetherische-oele.net\\\/WP\\\/traegeroele\\\/#breadcrumb\",\"itemListElement\":[{\"@type\":\"ListItem\",\"position\":1,\"name\":\"Startseite\",\"item\":\"https:\\\/\\\/aetherische-oele.net\\\/WP\\\/\"},{\"@type\":\"ListItem\",\"position\":2,\"name\":\"Tr\u00e4ger\u00f6le\"}]},{\"@type\":\"WebSite\",\"@id\":\"https:\\\/\\\/aetherische-oele.net\\\/WP\\\/#website\",\"url\":\"https:\\\/\\\/aetherische-oele.net\\\/WP\\\/\",\"name\":\"Aromatherapie - Aromapflege - \u00c4therische \u00d6le\",\"description\":\"Das Kompendium online\",\"potentialAction\":[{\"@type\":\"SearchAction\",\"target\":{\"@type\":\"EntryPoint\",\"urlTemplate\":\"https:\\\/\\\/aetherische-oele.net\\\/WP\\\/?s={search_term_string}\"},\"query-input\":{\"@type\":\"PropertyValueSpecification\",\"valueRequired\":true,\"valueName\":\"search_term_string\"}}],\"inLanguage\":\"de\"}]}<\/script>\n<!-- \/ Yoast SEO plugin. -->","yoast_head_json":{"title":"Tr\u00e4ger\u00f6le - Aromatherapie - Aromapflege - \u00c4therische \u00d6le","robots":{"index":"index","follow":"follow","max-snippet":"max-snippet:-1","max-image-preview":"max-image-preview:large","max-video-preview":"max-video-preview:-1"},"canonical":"https:\/\/aetherische-oele.net\/WP\/traegeroele\/","og_locale":"de_DE","og_type":"article","og_title":"Tr\u00e4ger\u00f6le - Aromatherapie - Aromapflege - \u00c4therische \u00d6le","og_description":"Damit man \u00e4therische \u00d6le verd\u00fcnnen kann oder Mischungen aus \u00e4therischen \u00d6len herstellen kann, braucht man so genannte Tr\u00e4ger\u00f6le. Diese Tr\u00e4ger\u00f6le haben wiederum selbst heilende Eigenschaften, die man bei der Art der Anwendung beachten sollte. Aprikosen\u00f6l Aprikosen\u00f6l als nat\u00fcrliches Pflegemittel ist f\u00fcr die Haut sehr empfehlenswert. Es sch\u00fctzt unsere Haut vor sch\u00e4dlichen Umwelteinfl\u00fcssen oder vor chemischen [&hellip;]","og_url":"https:\/\/aetherische-oele.net\/WP\/traegeroele\/","og_site_name":"Aromatherapie - Aromapflege - \u00c4therische \u00d6le","twitter_card":"summary_large_image","twitter_misc":{"Gesch\u00e4tzte Lesezeit":"7\u00a0Minuten"},"schema":{"@context":"https:\/\/schema.org","@graph":[{"@type":"WebPage","@id":"https:\/\/aetherische-oele.net\/WP\/traegeroele\/","url":"https:\/\/aetherische-oele.net\/WP\/traegeroele\/","name":"Tr\u00e4ger\u00f6le - Aromatherapie - Aromapflege - \u00c4therische \u00d6le","isPartOf":{"@id":"https:\/\/aetherische-oele.net\/WP\/#website"},"datePublished":"2023-07-31T14:03:09+00:00","breadcrumb":{"@id":"https:\/\/aetherische-oele.net\/WP\/traegeroele\/#breadcrumb"},"inLanguage":"de","potentialAction":[{"@type":"ReadAction","target":["https:\/\/aetherische-oele.net\/WP\/traegeroele\/"]}]},{"@type":"BreadcrumbList","@id":"https:\/\/aetherische-oele.net\/WP\/traegeroele\/#breadcrumb","itemListElement":[{"@type":"ListItem","position":1,"name":"Startseite","item":"https:\/\/aetherische-oele.net\/WP\/"},{"@type":"ListItem","position":2,"name":"Tr\u00e4ger\u00f6le"}]},{"@type":"WebSite","@id":"https:\/\/aetherische-oele.net\/WP\/#website","url":"https:\/\/aetherische-oele.net\/WP\/","name":"Aromatherapie - Aromapflege - \u00c4therische \u00d6le","description":"Das Kompendium online","potentialAction":[{"@type":"SearchAction","target":{"@type":"EntryPoint","urlTemplate":"https:\/\/aetherische-oele.net\/WP\/?s={search_term_string}"},"query-input":{"@type":"PropertyValueSpecification","valueRequired":true,"valueName":"search_term_string"}}],"inLanguage":"de"}]}},"jetpack_sharing_enabled":true,"_links":{"self":[{"href":"https:\/\/aetherische-oele.net\/WP\/wp-json\/wp\/v2\/pages\/346","targetHints":{"allow":["GET"]}}],"collection":[{"href":"https:\/\/aetherische-oele.net\/WP\/wp-json\/wp\/v2\/pages"}],"about":[{"href":"https:\/\/aetherische-oele.net\/WP\/wp-json\/wp\/v2\/types\/page"}],"author":[{"embeddable":true,"href":"https:\/\/aetherische-oele.net\/WP\/wp-json\/wp\/v2\/users\/1"}],"replies":[{"embeddable":true,"href":"https:\/\/aetherische-oele.net\/WP\/wp-json\/wp\/v2\/comments?post=346"}],"version-history":[{"count":1,"href":"https:\/\/aetherische-oele.net\/WP\/wp-json\/wp\/v2\/pages\/346\/revisions"}],"predecessor-version":[{"id":347,"href":"https:\/\/aetherische-oele.net\/WP\/wp-json\/wp\/v2\/pages\/346\/revisions\/347"}],"wp:attachment":[{"href":"https:\/\/aetherische-oele.net\/WP\/wp-json\/wp\/v2\/media?parent=346"}],"curies":[{"name":"wp","href":"https:\/\/api.w.org\/{rel}","templated":true}]}}