{"id":3659,"date":"2023-11-21T12:19:45","date_gmt":"2023-11-21T11:19:45","guid":{"rendered":"https:\/\/aetherische-oele.net\/WP\/?page_id=3659"},"modified":"2023-11-21T12:43:12","modified_gmt":"2023-11-21T11:43:12","slug":"wissenstest-wissensquiz-zu-den-aetherischen-oelen","status":"publish","type":"page","link":"https:\/\/aetherische-oele.net\/WP\/wissenstest-wissensquiz-zu-den-aetherischen-oelen\/","title":{"rendered":"Wissenstest &#8211; Wissensquiz zu den \u00e4therischen \u00d6len"},"content":{"rendered":"<h2>Das Wissensquiz zu den \u00e4therischen \u00d6len<\/h2>\n<p>Du kennst Dich mit den \u00e4therischen \u00d6len aus? Du willst mehr dazu lernen? Du willst Dein Wissen testen oder Neues kennenlernen?<\/p>\n<p><strong>Dann bist Du hier richtig: bei meinem Wissenstest.\u00a0<\/strong><\/p>\n<p>Du kannst einen Quiz daraus machen (Grundeinstellung), Du kannst Dir aber auch nur die richtigen Antworten anzeigen lassen &#8211; also das bekannte System wie bei Lernkarten.<\/p>\n<p><strong>Wie Du das Tool verwendest, ist alleine Dir \u00fcberlassen &#8211; viel Spa\u00df damit!<\/strong><\/p>\n<p><a href=\"https:\/\/aetherische-oele.net\/Wissen\/\" target=\"_blank\" rel=\"noopener\"><img decoding=\"async\" class=\"alignnone wp-image-3660 size-medium lazyload\" data-src=\"https:\/\/aetherische-oele.net\/WP\/wp-content\/uploads\/Screenshot-2023-11-21-121549-447x500.jpg\" alt=\"Wissenstest zu den \u00e4therischen \u00d6len\" width=\"447\" height=\"500\" data-srcset=\"https:\/\/aetherische-oele.net\/WP\/wp-content\/uploads\/\/Screenshot-2023-11-21-121549-447x500.jpg 447w, https:\/\/aetherische-oele.net\/WP\/wp-content\/uploads\/\/Screenshot-2023-11-21-121549.jpg 560w\" data-sizes=\"(max-width: 447px) 100vw, 447px\" src=\"data:image\/svg+xml;base64,PHN2ZyB3aWR0aD0iMSIgaGVpZ2h0PSIxIiB4bWxucz0iaHR0cDovL3d3dy53My5vcmcvMjAwMC9zdmciPjwvc3ZnPg==\" style=\"--smush-placeholder-width: 447px; --smush-placeholder-aspect-ratio: 447\/500;\" \/><\/a><\/p>\n<p><span style=\"font-size: 24px;\"><a href=\"https:\/\/aetherische-oele.net\/Wissen\/\" target=\"_blank\" rel=\"noopener\">Hier geht&#8217;s zum Quiz<\/a><\/span><\/p>\n<p>&nbsp;<\/p>\n<p>&nbsp;<\/p>\n<p>&nbsp;<\/p>\n<p>&nbsp;<\/p>\n<p>&nbsp;<\/p>\n<p><strong>Falls Du zum Quiz beitragen m\u00f6chtest:\u00a0<\/strong><br \/>\nIch suche immer neue Fragen und Antworten daf\u00fcr.<\/p>\n<p><strong>Du kannst mir gerne Neue Fragen schicken! Das Format ist:\u00a0<\/strong><br \/>\n\u00dcberschrift<br \/>\nRichtige Antwort<br \/>\nFalsche Antwort<\/p>\n<p>Ich danke Dir schon einmal im Voraus! Die Fragen bitte einfach als Kommentar senden &#8211; Supi und Danke!<\/p>\n<p>&nbsp;<\/p>\n<p>&nbsp;<\/p>\n<p>&nbsp;<\/p>\n<p>&nbsp;<\/p>\n","protected":false},"excerpt":{"rendered":"<p>Das Wissensquiz zu den \u00e4therischen \u00d6len Du kennst Dich mit den \u00e4therischen \u00d6len aus? Du willst mehr dazu lernen? Du willst Dein Wissen testen oder Neues kennenlernen? Dann bist Du hier richtig: bei meinem Wissenstest.\u00a0 Du kannst einen Quiz daraus machen (Grundeinstellung), Du kannst Dir aber auch nur die richtigen Antworten anzeigen lassen &#8211; also [&hellip;]<\/p>\n","protected":false},"author":1,"featured_media":0,"parent":0,"menu_order":0,"comment_status":"closed","ping_status":"closed","template":"","meta":{"_coblocks_attr":"","_coblocks_dimensions":"","_coblocks_responsive_height":"","_coblocks_accordion_ie_support":"","_metis_text_type":"standard","_metis_text_length":864,"_post_count":0,"footnotes":""},"class_list":["post-3659","page","type-page","status-publish","hentry"],"yoast_head":"<!-- This site is optimized with the Yoast SEO plugin v27.4 - https:\/\/yoast.com\/product\/yoast-seo-wordpress\/ -->\n<title>Wissenstest - Wissensquiz zu den \u00e4therischen \u00d6len - Aromatherapie - Aromapflege - \u00c4therische \u00d6le<\/title>\n<meta name=\"robots\" content=\"index, follow, max-snippet:-1, max-image-preview:large, max-video-preview:-1\" \/>\n<link rel=\"canonical\" href=\"https:\/\/aetherische-oele.net\/WP\/wissenstest-wissensquiz-zu-den-aetherischen-oelen\/\" \/>\n<meta property=\"og:locale\" content=\"de_DE\" \/>\n<meta property=\"og:type\" content=\"article\" \/>\n<meta property=\"og:title\" content=\"Wissenstest - Wissensquiz zu den \u00e4therischen \u00d6len - Aromatherapie - Aromapflege - \u00c4therische \u00d6le\" \/>\n<meta property=\"og:description\" content=\"Das Wissensquiz zu den \u00e4therischen \u00d6len Du kennst Dich mit den \u00e4therischen \u00d6len aus? Du willst mehr dazu lernen? Du willst Dein Wissen testen oder Neues kennenlernen? Dann bist Du hier richtig: bei meinem Wissenstest.\u00a0 Du kannst einen Quiz daraus machen (Grundeinstellung), Du kannst Dir aber auch nur die richtigen Antworten anzeigen lassen &#8211; also [&hellip;]\" \/>\n<meta property=\"og:url\" content=\"https:\/\/aetherische-oele.net\/WP\/wissenstest-wissensquiz-zu-den-aetherischen-oelen\/\" \/>\n<meta property=\"og:site_name\" content=\"Aromatherapie - Aromapflege - \u00c4therische \u00d6le\" \/>\n<meta property=\"article:modified_time\" content=\"2023-11-21T11:43:12+00:00\" \/>\n<meta property=\"og:image\" content=\"https:\/\/aetherische-oele.net\/WP\/wp-content\/uploads\/Screenshot-2023-11-21-121549-447x500.jpg\" \/>\n<meta name=\"twitter:card\" content=\"summary_large_image\" \/>\n<meta name=\"twitter:label1\" content=\"Gesch\u00e4tzte Lesezeit\" \/>\n\t<meta name=\"twitter:data1\" content=\"1\u00a0Minute\" \/>\n<script type=\"application\/ld+json\" class=\"yoast-schema-graph\">{\"@context\":\"https:\\\/\\\/schema.org\",\"@graph\":[{\"@type\":\"WebPage\",\"@id\":\"https:\\\/\\\/aetherische-oele.net\\\/WP\\\/wissenstest-wissensquiz-zu-den-aetherischen-oelen\\\/\",\"url\":\"https:\\\/\\\/aetherische-oele.net\\\/WP\\\/wissenstest-wissensquiz-zu-den-aetherischen-oelen\\\/\",\"name\":\"Wissenstest - Wissensquiz zu den \u00e4therischen \u00d6len - Aromatherapie - Aromapflege - \u00c4therische \u00d6le\",\"isPartOf\":{\"@id\":\"https:\\\/\\\/aetherische-oele.net\\\/WP\\\/#website\"},\"primaryImageOfPage\":{\"@id\":\"https:\\\/\\\/aetherische-oele.net\\\/WP\\\/wissenstest-wissensquiz-zu-den-aetherischen-oelen\\\/#primaryimage\"},\"image\":{\"@id\":\"https:\\\/\\\/aetherische-oele.net\\\/WP\\\/wissenstest-wissensquiz-zu-den-aetherischen-oelen\\\/#primaryimage\"},\"thumbnailUrl\":\"https:\\\/\\\/aetherische-oele.net\\\/WP\\\/wp-content\\\/uploads\\\/Screenshot-2023-11-21-121549-447x500.jpg\",\"datePublished\":\"2023-11-21T11:19:45+00:00\",\"dateModified\":\"2023-11-21T11:43:12+00:00\",\"breadcrumb\":{\"@id\":\"https:\\\/\\\/aetherische-oele.net\\\/WP\\\/wissenstest-wissensquiz-zu-den-aetherischen-oelen\\\/#breadcrumb\"},\"inLanguage\":\"de\",\"potentialAction\":[{\"@type\":\"ReadAction\",\"target\":[\"https:\\\/\\\/aetherische-oele.net\\\/WP\\\/wissenstest-wissensquiz-zu-den-aetherischen-oelen\\\/\"]}]},{\"@type\":\"ImageObject\",\"inLanguage\":\"de\",\"@id\":\"https:\\\/\\\/aetherische-oele.net\\\/WP\\\/wissenstest-wissensquiz-zu-den-aetherischen-oelen\\\/#primaryimage\",\"url\":\"https:\\\/\\\/aetherische-oele.net\\\/WP\\\/wp-content\\\/uploads\\\/Screenshot-2023-11-21-121549.jpg\",\"contentUrl\":\"https:\\\/\\\/aetherische-oele.net\\\/WP\\\/wp-content\\\/uploads\\\/Screenshot-2023-11-21-121549.jpg\",\"width\":560,\"height\":626,\"caption\":\"Wissenstest zu den \u00e4therischen \u00d6len\"},{\"@type\":\"BreadcrumbList\",\"@id\":\"https:\\\/\\\/aetherische-oele.net\\\/WP\\\/wissenstest-wissensquiz-zu-den-aetherischen-oelen\\\/#breadcrumb\",\"itemListElement\":[{\"@type\":\"ListItem\",\"position\":1,\"name\":\"Startseite\",\"item\":\"https:\\\/\\\/aetherische-oele.net\\\/WP\\\/\"},{\"@type\":\"ListItem\",\"position\":2,\"name\":\"Wissenstest &#8211; Wissensquiz zu den \u00e4therischen \u00d6len\"}]},{\"@type\":\"WebSite\",\"@id\":\"https:\\\/\\\/aetherische-oele.net\\\/WP\\\/#website\",\"url\":\"https:\\\/\\\/aetherische-oele.net\\\/WP\\\/\",\"name\":\"Aromatherapie - Aromapflege - \u00c4therische \u00d6le\",\"description\":\"Das Kompendium online\",\"potentialAction\":[{\"@type\":\"SearchAction\",\"target\":{\"@type\":\"EntryPoint\",\"urlTemplate\":\"https:\\\/\\\/aetherische-oele.net\\\/WP\\\/?s={search_term_string}\"},\"query-input\":{\"@type\":\"PropertyValueSpecification\",\"valueRequired\":true,\"valueName\":\"search_term_string\"}}],\"inLanguage\":\"de\"}]}<\/script>\n<!-- \/ Yoast SEO plugin. -->","yoast_head_json":{"title":"Wissenstest - Wissensquiz zu den \u00e4therischen \u00d6len - Aromatherapie - Aromapflege - \u00c4therische \u00d6le","robots":{"index":"index","follow":"follow","max-snippet":"max-snippet:-1","max-image-preview":"max-image-preview:large","max-video-preview":"max-video-preview:-1"},"canonical":"https:\/\/aetherische-oele.net\/WP\/wissenstest-wissensquiz-zu-den-aetherischen-oelen\/","og_locale":"de_DE","og_type":"article","og_title":"Wissenstest - Wissensquiz zu den \u00e4therischen \u00d6len - Aromatherapie - Aromapflege - \u00c4therische \u00d6le","og_description":"Das Wissensquiz zu den \u00e4therischen \u00d6len Du kennst Dich mit den \u00e4therischen \u00d6len aus? Du willst mehr dazu lernen? Du willst Dein Wissen testen oder Neues kennenlernen? Dann bist Du hier richtig: bei meinem Wissenstest.\u00a0 Du kannst einen Quiz daraus machen (Grundeinstellung), Du kannst Dir aber auch nur die richtigen Antworten anzeigen lassen &#8211; also [&hellip;]","og_url":"https:\/\/aetherische-oele.net\/WP\/wissenstest-wissensquiz-zu-den-aetherischen-oelen\/","og_site_name":"Aromatherapie - Aromapflege - \u00c4therische \u00d6le","article_modified_time":"2023-11-21T11:43:12+00:00","og_image":[{"url":"https:\/\/aetherische-oele.net\/WP\/wp-content\/uploads\/Screenshot-2023-11-21-121549-447x500.jpg","type":"","width":"","height":""}],"twitter_card":"summary_large_image","twitter_misc":{"Gesch\u00e4tzte Lesezeit":"1\u00a0Minute"},"schema":{"@context":"https:\/\/schema.org","@graph":[{"@type":"WebPage","@id":"https:\/\/aetherische-oele.net\/WP\/wissenstest-wissensquiz-zu-den-aetherischen-oelen\/","url":"https:\/\/aetherische-oele.net\/WP\/wissenstest-wissensquiz-zu-den-aetherischen-oelen\/","name":"Wissenstest - Wissensquiz zu den \u00e4therischen \u00d6len - Aromatherapie - Aromapflege - \u00c4therische \u00d6le","isPartOf":{"@id":"https:\/\/aetherische-oele.net\/WP\/#website"},"primaryImageOfPage":{"@id":"https:\/\/aetherische-oele.net\/WP\/wissenstest-wissensquiz-zu-den-aetherischen-oelen\/#primaryimage"},"image":{"@id":"https:\/\/aetherische-oele.net\/WP\/wissenstest-wissensquiz-zu-den-aetherischen-oelen\/#primaryimage"},"thumbnailUrl":"https:\/\/aetherische-oele.net\/WP\/wp-content\/uploads\/Screenshot-2023-11-21-121549-447x500.jpg","datePublished":"2023-11-21T11:19:45+00:00","dateModified":"2023-11-21T11:43:12+00:00","breadcrumb":{"@id":"https:\/\/aetherische-oele.net\/WP\/wissenstest-wissensquiz-zu-den-aetherischen-oelen\/#breadcrumb"},"inLanguage":"de","potentialAction":[{"@type":"ReadAction","target":["https:\/\/aetherische-oele.net\/WP\/wissenstest-wissensquiz-zu-den-aetherischen-oelen\/"]}]},{"@type":"ImageObject","inLanguage":"de","@id":"https:\/\/aetherische-oele.net\/WP\/wissenstest-wissensquiz-zu-den-aetherischen-oelen\/#primaryimage","url":"https:\/\/aetherische-oele.net\/WP\/wp-content\/uploads\/Screenshot-2023-11-21-121549.jpg","contentUrl":"https:\/\/aetherische-oele.net\/WP\/wp-content\/uploads\/Screenshot-2023-11-21-121549.jpg","width":560,"height":626,"caption":"Wissenstest zu den \u00e4therischen \u00d6len"},{"@type":"BreadcrumbList","@id":"https:\/\/aetherische-oele.net\/WP\/wissenstest-wissensquiz-zu-den-aetherischen-oelen\/#breadcrumb","itemListElement":[{"@type":"ListItem","position":1,"name":"Startseite","item":"https:\/\/aetherische-oele.net\/WP\/"},{"@type":"ListItem","position":2,"name":"Wissenstest &#8211; Wissensquiz zu den \u00e4therischen \u00d6len"}]},{"@type":"WebSite","@id":"https:\/\/aetherische-oele.net\/WP\/#website","url":"https:\/\/aetherische-oele.net\/WP\/","name":"Aromatherapie - Aromapflege - \u00c4therische \u00d6le","description":"Das Kompendium online","potentialAction":[{"@type":"SearchAction","target":{"@type":"EntryPoint","urlTemplate":"https:\/\/aetherische-oele.net\/WP\/?s={search_term_string}"},"query-input":{"@type":"PropertyValueSpecification","valueRequired":true,"valueName":"search_term_string"}}],"inLanguage":"de"}]}},"jetpack_sharing_enabled":true,"public_identification_id":"43bacc3d5bb64967b139ee77419bffdc","private_identification_id":"9a471fce20cc4bdc845c9dc59e9cfefa","_links":{"self":[{"href":"https:\/\/aetherische-oele.net\/WP\/wp-json\/wp\/v2\/pages\/3659","targetHints":{"allow":["GET"]}}],"collection":[{"href":"https:\/\/aetherische-oele.net\/WP\/wp-json\/wp\/v2\/pages"}],"about":[{"href":"https:\/\/aetherische-oele.net\/WP\/wp-json\/wp\/v2\/types\/page"}],"author":[{"embeddable":true,"href":"https:\/\/aetherische-oele.net\/WP\/wp-json\/wp\/v2\/users\/1"}],"replies":[{"embeddable":true,"href":"https:\/\/aetherische-oele.net\/WP\/wp-json\/wp\/v2\/comments?post=3659"}],"version-history":[{"count":6,"href":"https:\/\/aetherische-oele.net\/WP\/wp-json\/wp\/v2\/pages\/3659\/revisions"}],"predecessor-version":[{"id":3668,"href":"https:\/\/aetherische-oele.net\/WP\/wp-json\/wp\/v2\/pages\/3659\/revisions\/3668"}],"wp:attachment":[{"href":"https:\/\/aetherische-oele.net\/WP\/wp-json\/wp\/v2\/media?parent=3659"}],"curies":[{"name":"wp","href":"https:\/\/api.w.org\/{rel}","templated":true}]}}