{"id":3716,"date":"2024-06-09T11:51:14","date_gmt":"2024-06-09T09:51:14","guid":{"rendered":"https:\/\/aetherische-oele.net\/WP\/?page_id=3716"},"modified":"2024-06-09T11:51:14","modified_gmt":"2024-06-09T09:51:14","slug":"medizinische-rezepte","status":"publish","type":"page","link":"https:\/\/aetherische-oele.net\/WP\/medizinische-rezepte\/","title":{"rendered":"Medizinische Rezepte und Anwendungen"},"content":{"rendered":"<h2>Die Seite mit den medizinischen Rezepten ist in den <a href=\"https:\/\/aetherische-oele.net\/WP\/mitgliederbereich\/\">Memberbereich<\/a> umgezogen<\/h2>\n<p>Grund daf\u00fcr ist die immer schwierigere Rechtslage in der EU, die die Verwendung \u00e4therischer \u00d6le immer mehr einschr\u00e4nkt. Ich bitte um Verst\u00e4ndnis.<\/p>\n<p>&nbsp;<\/p>\n<p><a href=\"https:\/\/aetherische-oele.net\/WP\/mitgliederbereich\/\">Hier geht es zum Memberbereich<\/a><\/p>\n","protected":false},"excerpt":{"rendered":"<p>Die Seite mit den medizinischen Rezepten ist in den Memberbereich umgezogen Grund daf\u00fcr ist die immer schwierigere Rechtslage in der EU, die die Verwendung \u00e4therischer \u00d6le immer mehr einschr\u00e4nkt. Ich bitte um Verst\u00e4ndnis. &nbsp; Hier geht es zum Memberbereich<\/p>\n","protected":false},"author":1,"featured_media":0,"parent":0,"menu_order":0,"comment_status":"closed","ping_status":"closed","template":"","meta":{"_coblocks_attr":"","_coblocks_dimensions":"","_coblocks_responsive_height":"","_coblocks_accordion_ie_support":"","_metis_text_type":"standard","_metis_text_length":259,"_post_count":0,"footnotes":""},"class_list":["post-3716","page","type-page","status-publish","hentry"],"yoast_head":"<!-- This site is optimized with the Yoast SEO plugin v27.4 - https:\/\/yoast.com\/product\/yoast-seo-wordpress\/ -->\n<title>Medizinische Rezepte und Anwendungen - Aromatherapie - Aromapflege - \u00c4therische \u00d6le<\/title>\n<meta name=\"robots\" content=\"index, follow, max-snippet:-1, max-image-preview:large, max-video-preview:-1\" \/>\n<link rel=\"canonical\" href=\"https:\/\/aetherische-oele.net\/WP\/medizinische-rezepte\/\" \/>\n<meta property=\"og:locale\" content=\"de_DE\" \/>\n<meta property=\"og:type\" content=\"article\" \/>\n<meta property=\"og:title\" content=\"Medizinische Rezepte und Anwendungen - Aromatherapie - Aromapflege - \u00c4therische \u00d6le\" \/>\n<meta property=\"og:description\" content=\"Die Seite mit den medizinischen Rezepten ist in den Memberbereich umgezogen Grund daf\u00fcr ist die immer schwierigere Rechtslage in der EU, die die Verwendung \u00e4therischer \u00d6le immer mehr einschr\u00e4nkt. Ich bitte um Verst\u00e4ndnis. &nbsp; Hier geht es zum Memberbereich\" \/>\n<meta property=\"og:url\" content=\"https:\/\/aetherische-oele.net\/WP\/medizinische-rezepte\/\" \/>\n<meta property=\"og:site_name\" content=\"Aromatherapie - Aromapflege - \u00c4therische \u00d6le\" \/>\n<meta name=\"twitter:card\" content=\"summary_large_image\" \/>\n<meta name=\"twitter:label1\" content=\"Gesch\u00e4tzte Lesezeit\" \/>\n\t<meta name=\"twitter:data1\" content=\"1\u00a0Minute\" \/>\n<script type=\"application\/ld+json\" class=\"yoast-schema-graph\">{\"@context\":\"https:\\\/\\\/schema.org\",\"@graph\":[{\"@type\":\"WebPage\",\"@id\":\"https:\\\/\\\/aetherische-oele.net\\\/WP\\\/medizinische-rezepte\\\/\",\"url\":\"https:\\\/\\\/aetherische-oele.net\\\/WP\\\/medizinische-rezepte\\\/\",\"name\":\"Medizinische Rezepte und Anwendungen - Aromatherapie - Aromapflege - \u00c4therische \u00d6le\",\"isPartOf\":{\"@id\":\"https:\\\/\\\/aetherische-oele.net\\\/WP\\\/#website\"},\"datePublished\":\"2024-06-09T09:51:14+00:00\",\"breadcrumb\":{\"@id\":\"https:\\\/\\\/aetherische-oele.net\\\/WP\\\/medizinische-rezepte\\\/#breadcrumb\"},\"inLanguage\":\"de\",\"potentialAction\":[{\"@type\":\"ReadAction\",\"target\":[\"https:\\\/\\\/aetherische-oele.net\\\/WP\\\/medizinische-rezepte\\\/\"]}]},{\"@type\":\"BreadcrumbList\",\"@id\":\"https:\\\/\\\/aetherische-oele.net\\\/WP\\\/medizinische-rezepte\\\/#breadcrumb\",\"itemListElement\":[{\"@type\":\"ListItem\",\"position\":1,\"name\":\"Startseite\",\"item\":\"https:\\\/\\\/aetherische-oele.net\\\/WP\\\/\"},{\"@type\":\"ListItem\",\"position\":2,\"name\":\"Medizinische Rezepte und Anwendungen\"}]},{\"@type\":\"WebSite\",\"@id\":\"https:\\\/\\\/aetherische-oele.net\\\/WP\\\/#website\",\"url\":\"https:\\\/\\\/aetherische-oele.net\\\/WP\\\/\",\"name\":\"Aromatherapie - Aromapflege - \u00c4therische \u00d6le\",\"description\":\"Das Kompendium online\",\"potentialAction\":[{\"@type\":\"SearchAction\",\"target\":{\"@type\":\"EntryPoint\",\"urlTemplate\":\"https:\\\/\\\/aetherische-oele.net\\\/WP\\\/?s={search_term_string}\"},\"query-input\":{\"@type\":\"PropertyValueSpecification\",\"valueRequired\":true,\"valueName\":\"search_term_string\"}}],\"inLanguage\":\"de\"}]}<\/script>\n<!-- \/ Yoast SEO plugin. -->","yoast_head_json":{"title":"Medizinische Rezepte und Anwendungen - Aromatherapie - Aromapflege - \u00c4therische \u00d6le","robots":{"index":"index","follow":"follow","max-snippet":"max-snippet:-1","max-image-preview":"max-image-preview:large","max-video-preview":"max-video-preview:-1"},"canonical":"https:\/\/aetherische-oele.net\/WP\/medizinische-rezepte\/","og_locale":"de_DE","og_type":"article","og_title":"Medizinische Rezepte und Anwendungen - Aromatherapie - Aromapflege - \u00c4therische \u00d6le","og_description":"Die Seite mit den medizinischen Rezepten ist in den Memberbereich umgezogen Grund daf\u00fcr ist die immer schwierigere Rechtslage in der EU, die die Verwendung \u00e4therischer \u00d6le immer mehr einschr\u00e4nkt. Ich bitte um Verst\u00e4ndnis. &nbsp; Hier geht es zum Memberbereich","og_url":"https:\/\/aetherische-oele.net\/WP\/medizinische-rezepte\/","og_site_name":"Aromatherapie - Aromapflege - \u00c4therische \u00d6le","twitter_card":"summary_large_image","twitter_misc":{"Gesch\u00e4tzte Lesezeit":"1\u00a0Minute"},"schema":{"@context":"https:\/\/schema.org","@graph":[{"@type":"WebPage","@id":"https:\/\/aetherische-oele.net\/WP\/medizinische-rezepte\/","url":"https:\/\/aetherische-oele.net\/WP\/medizinische-rezepte\/","name":"Medizinische Rezepte und Anwendungen - Aromatherapie - Aromapflege - \u00c4therische \u00d6le","isPartOf":{"@id":"https:\/\/aetherische-oele.net\/WP\/#website"},"datePublished":"2024-06-09T09:51:14+00:00","breadcrumb":{"@id":"https:\/\/aetherische-oele.net\/WP\/medizinische-rezepte\/#breadcrumb"},"inLanguage":"de","potentialAction":[{"@type":"ReadAction","target":["https:\/\/aetherische-oele.net\/WP\/medizinische-rezepte\/"]}]},{"@type":"BreadcrumbList","@id":"https:\/\/aetherische-oele.net\/WP\/medizinische-rezepte\/#breadcrumb","itemListElement":[{"@type":"ListItem","position":1,"name":"Startseite","item":"https:\/\/aetherische-oele.net\/WP\/"},{"@type":"ListItem","position":2,"name":"Medizinische Rezepte und Anwendungen"}]},{"@type":"WebSite","@id":"https:\/\/aetherische-oele.net\/WP\/#website","url":"https:\/\/aetherische-oele.net\/WP\/","name":"Aromatherapie - Aromapflege - \u00c4therische \u00d6le","description":"Das Kompendium online","potentialAction":[{"@type":"SearchAction","target":{"@type":"EntryPoint","urlTemplate":"https:\/\/aetherische-oele.net\/WP\/?s={search_term_string}"},"query-input":{"@type":"PropertyValueSpecification","valueRequired":true,"valueName":"search_term_string"}}],"inLanguage":"de"}]}},"jetpack_sharing_enabled":true,"public_identification_id":"d775334e75224167ab398d1e1fb622f1","private_identification_id":"e287d29622de4b82b9d80ac83c7f2686","_links":{"self":[{"href":"https:\/\/aetherische-oele.net\/WP\/wp-json\/wp\/v2\/pages\/3716","targetHints":{"allow":["GET"]}}],"collection":[{"href":"https:\/\/aetherische-oele.net\/WP\/wp-json\/wp\/v2\/pages"}],"about":[{"href":"https:\/\/aetherische-oele.net\/WP\/wp-json\/wp\/v2\/types\/page"}],"author":[{"embeddable":true,"href":"https:\/\/aetherische-oele.net\/WP\/wp-json\/wp\/v2\/users\/1"}],"replies":[{"embeddable":true,"href":"https:\/\/aetherische-oele.net\/WP\/wp-json\/wp\/v2\/comments?post=3716"}],"version-history":[{"count":1,"href":"https:\/\/aetherische-oele.net\/WP\/wp-json\/wp\/v2\/pages\/3716\/revisions"}],"predecessor-version":[{"id":3717,"href":"https:\/\/aetherische-oele.net\/WP\/wp-json\/wp\/v2\/pages\/3716\/revisions\/3717"}],"wp:attachment":[{"href":"https:\/\/aetherische-oele.net\/WP\/wp-json\/wp\/v2\/media?parent=3716"}],"curies":[{"name":"wp","href":"https:\/\/api.w.org\/{rel}","templated":true}]}}