{"id":3773,"date":"2024-09-07T18:52:43","date_gmt":"2024-09-07T16:52:43","guid":{"rendered":"https:\/\/aetherische-oele.net\/WP\/?page_id=3773"},"modified":"2024-09-07T18:52:43","modified_gmt":"2024-09-07T16:52:43","slug":"dsgvo","status":"publish","type":"page","link":"https:\/\/aetherische-oele.net\/WP\/dsgvo\/","title":{"rendered":"DSGVO"},"content":{"rendered":"<p>Vorweg: Der Betreiber dieser Seite ist nicht interessiert an der Sammlung und dem Verkauf Ihrer Daten. Alle Daten, die gesammelt werden, dienen ausschlie\u00dflich der Funktion der Seite. Dar\u00fcber hinaus werden aber, falls Sie das zulassen, weitere Daten f\u00fcr diverse Fremddienste geladen. Mehr dazu im Folgenden:<\/p>\n<p>1. Einf\u00fchrung<br \/>\nUnsere Website, https:\/\/kraeuter-verzeichnis.de (im folgenden: &#8222;Die Website&#8220;) verwendet Cookies und \u00e4hnliche Technologien (der Einfachheit halber werden all diese unter &#8222;Cookies&#8220; zusammengefasst). Cookies werden au\u00dferdem von uns beauftragten Drittparteien platziert. In dem unten stehendem Dokument informieren wir dich \u00fcber die Verwendung von Cookies auf unserer Website.<\/p>\n<p>2. Was sind Cookies<br \/>\nEin Cookie ist eine einfache kleine Datei, die gemeinsam mit den Seiten einer Internetadresse versendet und vom Webbrowser auf dem PC oder einem anderen Ger\u00e4t gespeichert werden kann. Die darin gespeicherten <a href=\"https:\/\/aetherische-oele.net\/WP\/informationen-um-die-aromatherapie-und-die-aetherischen-oele\/\">Informationen<\/a> k\u00f6nnen w\u00e4hrend folgender Besuche zu unseren oder den Servern relevanter Drittanbieter gesendet werden.<br \/>\nEin Cookie ist jedoch keine ausf\u00fchrbare Datei oder ein Computervirus.<\/p>\n<p>3. Was sind Skripte?<br \/>\nEin Skript ist ein Teil des Programmcodes, mit dem unsere Website ordnungsgem\u00e4\u00df und interaktiv funktioniert. Dieser Code wird auf unserem Server oder auf deinem Ger\u00e4t ausgef\u00fchrt.<\/p>\n<p>4. Was ist ein Web Beacon?<br \/>\nEin Web-Beacon (auch Pixel-Tag genannt), ist ein kleines unsichtbares Textfragment oder Bild auf einer Website, das benutzt wird, um den Verkehr auf der Website zu \u00fcberwachen. Um dies zu erm\u00f6glichen werden diverse Daten von dir mittels Web-Beacons gespeichert.<\/p>\n<p>5. Cookies<br \/>\n5.1 Technische oder funktionelle Cookies<\/p>\n<p>Einige Cookies stellen sicher, dass Teile unserer Website richtig funktionieren und deine Nutzervorlieben bekannt bleiben. Durch das Platzieren funktionaler Cookies machen wir es dir einfacher unsere Website zu besuchen. Auf diese Weise musst du bei Besuchen unserer Website nicht wiederholt die gleichen Informationen eingeben, oder deine Gegenst\u00e4nde bleiben beispielsweise in deinem Warenkorb bis du bezahlst. Wir k\u00f6nnen diese Cookies ohne dein Einverst\u00e4ndnis platzieren.<\/p>\n<p>5.2 Statistics cookies<\/p>\n<p>We use statistics cookies to optimize the website experience for our users. With these statistics cookies we get insights in the usage of our website. We ask your permission to place statistics cookies.<\/p>\n<p>5.3 Werbecookies<\/p>\n<p>Auf dieser Website benutzen wir Werbecookies, die uns erm\u00f6glichen, Werbung f\u00fcr dich zu personalisieren, und wir (sowie Drittparteien) bekommen Einsicht in Kampagnenresultate. Dies geschieht anhand der Profile, die wir aufgrund deines Klick- und Surfverhaltens auf und au\u00dferhalb von https:\/\/kraeuter-verzeichnis.de angelegt haben. Mit diesen Cookies bist du als Seitenbesucher mit einer einzigartigen ID verbunden, sodass du zum Beispiel die selbe Werbung nicht mehrfach angezeigt bekommst.<\/p>\n<p>5.4 Marketing- \/ Tracking-Cookies<\/p>\n<p>Marketing- \/ Tracking-Cookies sind Cookies oder eine andere Form der lokalen Speicherung, die zur Erstellung von Benutzerprofilen verwendet werden, um Werbung anzuzeigen oder den Benutzer auf dieser Website oder \u00fcber mehrere Websites hinweg f\u00fcr \u00e4hnliche Marketingzwecke zu verfolgen.<\/p>\n<p>Da diese Cookies als Verfolgungs-Cookie markiert sind, ben\u00f6tigen wir deine Zustimmung, um diese zu platzieren.<\/p>\n<p>5.5 Soziale-Medien-Buttons<\/p>\n<p>Auf unserer Website haben wir Buttons f\u00fcr Facebook, Twitter, LinkedIn, WhatsApp, Instagram, Disqus und Pinterest eingef\u00fcgt, um Webseiten (z. B. \u201eGef\u00e4llt mir\u201d, \u201eAnheften\u201d) oder Teilen (z. B. \u201eTweet\u201d) in sozialen Netzwerken wie Facebook, Twitter, LinkedIn, WhatsApp, Instagram, Disqus und Pinterest zu unterst\u00fctzen. Diese Buttons verwenden einen Code, der von Facebook, Twitter, LinkedIn, WhatsApp, Instagram, Disqus und Pinterest selbst stammt. Dieser Code platziert Cookies. Diese Social-Media-Buttons k\u00f6nnen auch bestimmte Informationen speichern und verarbeiten, sodass dir eine personalisierte Werbung angezeigt werden kann.<\/p>\n<p>Bitte lese die Datenschutzerkl\u00e4rung dieser sozialen Netzwerke (die sich regelm\u00e4\u00dfig \u00e4ndern kann), um zu erfahren, wie sie mit deinen (pers\u00f6nlichen) Daten umgehen, die sie mithilfe dieser Cookies verarbeiten. Die abgerufenen Daten werden so weit wie m\u00f6glich anonymisiert. Facebook, Twitter, LinkedIn, WhatsApp, Instagram, Disqus und Pinterest befinden sich in den Vereinigten Staaten.<\/p>\n<p>6. Platzierte Cookies und geladene Scripte<br \/>\nAddThis<br \/>\nStatistik, Gegenstand der Untersuchung, Marketing\/Verfolgung<\/p>\n<p>WordPress<br \/>\nfunktionelle<\/p>\n<p>Google Analytics<br \/>\nStatistik<\/p>\n<p>CleanTalk Spam Protect<br \/>\nfunktionelle, Gegenstand der Untersuchung<\/p>\n<p>GDPR Cookie Consent<br \/>\nfunktionelle<\/p>\n<p>Google Adsense<br \/>\nMarketing\/Verfolgung<\/p>\n<p>VGWort<br \/>\nVerfolgung<\/p>\n<p>Google Fonts<br \/>\nMarketing\/Verfolgung<\/p>\n<p>Google reCAPTCHA<br \/>\nMarketing\/Verfolgung<\/p>\n<p>Google Maps<br \/>\nMarketing\/Verfolgung<\/p>\n<p>YouTube<br \/>\nMarketing\/Verfolgung, funktionelle, Statistik<\/p>\n<p>PayPal<br \/>\nfunktionelle<\/p>\n<p>Amazon<br \/>\nfunktionelle Images und Cookies<\/p>\n<p>Dailymotion<br \/>\nfunktionelle<\/p>\n<p>AddToAny<br \/>\nfunktionelle<\/p>\n<p>Facebook<br \/>\nMarketing\/Verfolgung, funktionelle, Gegenstand der Untersuchung<\/p>\n<p>Twitter<br \/>\nfunktionelle, Marketing\/Verfolgung<\/p>\n<p>LinkedIn<br \/>\nMarketing\/Verfolgung, funktionelle<\/p>\n<p>Instagram<br \/>\nGegenstand der Untersuchung<\/p>\n<p>Sonstiges<br \/>\nGegenstand der Untersuchung<\/p>\n<p>8. Deine Rechte in Bezug auf pers\u00f6nliche Daten<br \/>\nDu hast in Bezug auf deine pers\u00f6nlichen Daten die folgenden Rechte:<\/p>\n<p>Du hast das Recht zu wissen, warum deine pers\u00f6nlichen Daten gebraucht werden, was mit ihnen passiert und wie lange diese verwahrt werden.<br \/>\nZugriffsrecht: Du hast das Recht deine uns bekannten pers\u00f6nlichen Daten einzusehen.<br \/>\nRecht auf Berichtigung: Du hast das Recht wann immer du w\u00fcnscht, deine pers\u00f6nlichen Daten zu erg\u00e4nzen, zu korrigieren sowie gel\u00f6scht oder blockiert zu bekommen.<br \/>\nWenn du uns dein Einverst\u00e4ndnis zur Verarbeitung deiner Daten gegeben hast, hast du das Recht dieses Einverst\u00e4ndnis zu widerrufen und deine pers\u00f6nlichen Daten l\u00f6schen zu lassen.<br \/>\nRecht auf Datentransfer deiner Daten: Du hast das Recht, alle deine pers\u00f6nlichen Daten von einem Kontrolleur anzufordern und in ihrer Gesamtheit zu einem anderen Kontrolleur zu transferieren.<br \/>\nWiderspruchsrecht: Du kannst der Verarbeitung deiner Daten widersprechen. Wir entsprechen dem, es sei denn es gibt berechtigte Gr\u00fcnde f\u00fcr die Verarbeitung.<br \/>\nUm diese Rechte auszu\u00fcben kontaktiere uns bitte. Bitte beziehe dich auf die Kontaktdaten am Ende dieser Cookie-Erkl\u00e4rung. Wenn du eine Beschwerde dar\u00fcber hast, wie wir deine Daten behandeln, w\u00fcrden wir diese gerne h\u00f6ren, aber du hast auch das Recht diese an die Aufsichtsbeh\u00f6rde (der Datenschutzbeh\u00f6rde) zu richten.<\/p>\n<p>9. Aktivierung\/Deaktivierung und L\u00f6schen von Cookies<br \/>\nDu kannst deinen Internetbrowser verwenden, um Cookies automatisch oder manuell zu l\u00f6schen. Du kannst auch festlegen, dass bestimmte Cookies m\u00f6glicherweise nicht platziert werden. Eine weitere M\u00f6glichkeit besteht darin, die Einstellungen deines Internetbrowsers so zu \u00e4ndern, dass du jedes Mal eine Nachricht erh\u00e4ltst, wenn ein Cookie gesetzt wird. Weitere Informationen zu diesen Optionen findest du in den Anweisungen im Hilfebereich deines Browsers.<\/p>\n<p>Bitte nimm zur Kenntnis, dass unsere Website m\u00f6glicherweise nicht richtig funktioniert, wenn alle Cookies deaktiviert sind. Wenn du die Cookies in deinem Browser l\u00f6schst, werden diese neu platziert, wenn du unsere Website erneut besuchst.<\/p>\n<p>10. Kontaktdaten<br \/>\nF\u00fcr Fragen und\/oder Kommentare \u00fcber unsere Cookie-Richtlinien und diese Aussage kontaktiere uns bitte mittels der folgenden Kontaktdaten:<\/p>\n<p>Impressum<br \/>\nPeter Baumann<br \/>\nStripsigweg 15<br \/>\n73529 Schw\u00e4bisch Gm\u00fcnd<br \/>\nDeutschland<br \/>\nWebsite: https:\/\/kraeuter-verzeichnis.de<br \/>\nE-Mail: kontakt@kraeuter-verzeichnis.de<br \/>\nTelefonnummer: +49 151 624 02 101<\/p>\n<p>Diese Cookie-Richtlinie wurde mit cookiedatabase.org am 8. Juni 2021 synchronisiert<\/p>\n","protected":false},"excerpt":{"rendered":"<p>Vorweg: Der Betreiber dieser Seite ist nicht interessiert an der Sammlung und dem Verkauf Ihrer Daten. Alle Daten, die gesammelt werden, dienen ausschlie\u00dflich der Funktion der Seite. Dar\u00fcber hinaus werden aber, falls Sie das zulassen, weitere Daten f\u00fcr diverse Fremddienste geladen. Mehr dazu im Folgenden: 1. Einf\u00fchrung Unsere Website, https:\/\/kraeuter-verzeichnis.de (im folgenden: &#8222;Die Website&#8220;) verwendet [&hellip;]<\/p>\n","protected":false},"author":1,"featured_media":0,"parent":0,"menu_order":0,"comment_status":"closed","ping_status":"closed","template":"","meta":{"_coblocks_attr":"","_coblocks_dimensions":"","_coblocks_responsive_height":"","_coblocks_accordion_ie_support":"","_metis_text_type":"standard","_metis_text_length":7674,"_post_count":0,"footnotes":""},"class_list":["post-3773","page","type-page","status-publish","hentry"],"yoast_head":"<!-- This site is optimized with the Yoast SEO plugin v27.5 - https:\/\/yoast.com\/product\/yoast-seo-wordpress\/ -->\n<title>DSGVO - Aromatherapie - Aromapflege - \u00c4therische \u00d6le<\/title>\n<meta name=\"robots\" content=\"index, follow, max-snippet:-1, max-image-preview:large, max-video-preview:-1\" \/>\n<link rel=\"canonical\" href=\"https:\/\/aetherische-oele.net\/WP\/dsgvo\/\" \/>\n<meta property=\"og:locale\" content=\"de_DE\" \/>\n<meta property=\"og:type\" content=\"article\" \/>\n<meta property=\"og:title\" content=\"DSGVO - Aromatherapie - Aromapflege - \u00c4therische \u00d6le\" \/>\n<meta property=\"og:description\" content=\"Vorweg: Der Betreiber dieser Seite ist nicht interessiert an der Sammlung und dem Verkauf Ihrer Daten. Alle Daten, die gesammelt werden, dienen ausschlie\u00dflich der Funktion der Seite. Dar\u00fcber hinaus werden aber, falls Sie das zulassen, weitere Daten f\u00fcr diverse Fremddienste geladen. Mehr dazu im Folgenden: 1. Einf\u00fchrung Unsere Website, https:\/\/kraeuter-verzeichnis.de (im folgenden: &#8222;Die Website&#8220;) verwendet [&hellip;]\" \/>\n<meta property=\"og:url\" content=\"https:\/\/aetherische-oele.net\/WP\/dsgvo\/\" \/>\n<meta property=\"og:site_name\" content=\"Aromatherapie - Aromapflege - \u00c4therische \u00d6le\" \/>\n<meta name=\"twitter:card\" content=\"summary_large_image\" \/>\n<script type=\"application\/ld+json\" class=\"yoast-schema-graph\">{\"@context\":\"https:\\\/\\\/schema.org\",\"@graph\":[{\"@type\":\"WebPage\",\"@id\":\"https:\\\/\\\/aetherische-oele.net\\\/WP\\\/dsgvo\\\/\",\"url\":\"https:\\\/\\\/aetherische-oele.net\\\/WP\\\/dsgvo\\\/\",\"name\":\"DSGVO - Aromatherapie - Aromapflege - \u00c4therische \u00d6le\",\"isPartOf\":{\"@id\":\"https:\\\/\\\/aetherische-oele.net\\\/WP\\\/#website\"},\"datePublished\":\"2024-09-07T16:52:43+00:00\",\"breadcrumb\":{\"@id\":\"https:\\\/\\\/aetherische-oele.net\\\/WP\\\/dsgvo\\\/#breadcrumb\"},\"inLanguage\":\"de\",\"potentialAction\":[{\"@type\":\"ReadAction\",\"target\":[\"https:\\\/\\\/aetherische-oele.net\\\/WP\\\/dsgvo\\\/\"]}]},{\"@type\":\"BreadcrumbList\",\"@id\":\"https:\\\/\\\/aetherische-oele.net\\\/WP\\\/dsgvo\\\/#breadcrumb\",\"itemListElement\":[{\"@type\":\"ListItem\",\"position\":1,\"name\":\"Startseite\",\"item\":\"https:\\\/\\\/aetherische-oele.net\\\/WP\\\/\"},{\"@type\":\"ListItem\",\"position\":2,\"name\":\"DSGVO\"}]},{\"@type\":\"WebSite\",\"@id\":\"https:\\\/\\\/aetherische-oele.net\\\/WP\\\/#website\",\"url\":\"https:\\\/\\\/aetherische-oele.net\\\/WP\\\/\",\"name\":\"Aromatherapie - Aromapflege - \u00c4therische \u00d6le\",\"description\":\"Das Kompendium online\",\"potentialAction\":[{\"@type\":\"SearchAction\",\"target\":{\"@type\":\"EntryPoint\",\"urlTemplate\":\"https:\\\/\\\/aetherische-oele.net\\\/WP\\\/?s={search_term_string}\"},\"query-input\":{\"@type\":\"PropertyValueSpecification\",\"valueRequired\":true,\"valueName\":\"search_term_string\"}}],\"inLanguage\":\"de\"}]}<\/script>\n<!-- \/ Yoast SEO plugin. -->","yoast_head_json":{"title":"DSGVO - Aromatherapie - Aromapflege - \u00c4therische \u00d6le","robots":{"index":"index","follow":"follow","max-snippet":"max-snippet:-1","max-image-preview":"max-image-preview:large","max-video-preview":"max-video-preview:-1"},"canonical":"https:\/\/aetherische-oele.net\/WP\/dsgvo\/","og_locale":"de_DE","og_type":"article","og_title":"DSGVO - Aromatherapie - Aromapflege - \u00c4therische \u00d6le","og_description":"Vorweg: Der Betreiber dieser Seite ist nicht interessiert an der Sammlung und dem Verkauf Ihrer Daten. Alle Daten, die gesammelt werden, dienen ausschlie\u00dflich der Funktion der Seite. Dar\u00fcber hinaus werden aber, falls Sie das zulassen, weitere Daten f\u00fcr diverse Fremddienste geladen. Mehr dazu im Folgenden: 1. Einf\u00fchrung Unsere Website, https:\/\/kraeuter-verzeichnis.de (im folgenden: &#8222;Die Website&#8220;) verwendet [&hellip;]","og_url":"https:\/\/aetherische-oele.net\/WP\/dsgvo\/","og_site_name":"Aromatherapie - Aromapflege - \u00c4therische \u00d6le","twitter_card":"summary_large_image","schema":{"@context":"https:\/\/schema.org","@graph":[{"@type":"WebPage","@id":"https:\/\/aetherische-oele.net\/WP\/dsgvo\/","url":"https:\/\/aetherische-oele.net\/WP\/dsgvo\/","name":"DSGVO - Aromatherapie - Aromapflege - \u00c4therische \u00d6le","isPartOf":{"@id":"https:\/\/aetherische-oele.net\/WP\/#website"},"datePublished":"2024-09-07T16:52:43+00:00","breadcrumb":{"@id":"https:\/\/aetherische-oele.net\/WP\/dsgvo\/#breadcrumb"},"inLanguage":"de","potentialAction":[{"@type":"ReadAction","target":["https:\/\/aetherische-oele.net\/WP\/dsgvo\/"]}]},{"@type":"BreadcrumbList","@id":"https:\/\/aetherische-oele.net\/WP\/dsgvo\/#breadcrumb","itemListElement":[{"@type":"ListItem","position":1,"name":"Startseite","item":"https:\/\/aetherische-oele.net\/WP\/"},{"@type":"ListItem","position":2,"name":"DSGVO"}]},{"@type":"WebSite","@id":"https:\/\/aetherische-oele.net\/WP\/#website","url":"https:\/\/aetherische-oele.net\/WP\/","name":"Aromatherapie - Aromapflege - \u00c4therische \u00d6le","description":"Das Kompendium online","potentialAction":[{"@type":"SearchAction","target":{"@type":"EntryPoint","urlTemplate":"https:\/\/aetherische-oele.net\/WP\/?s={search_term_string}"},"query-input":{"@type":"PropertyValueSpecification","valueRequired":true,"valueName":"search_term_string"}}],"inLanguage":"de"}]}},"jetpack_sharing_enabled":true,"public_identification_id":"7d475bd784eb47c7b2283472b8d01359","private_identification_id":"1962164a75ec47fba3d81dab581eb9eb","_links":{"self":[{"href":"https:\/\/aetherische-oele.net\/WP\/wp-json\/wp\/v2\/pages\/3773","targetHints":{"allow":["GET"]}}],"collection":[{"href":"https:\/\/aetherische-oele.net\/WP\/wp-json\/wp\/v2\/pages"}],"about":[{"href":"https:\/\/aetherische-oele.net\/WP\/wp-json\/wp\/v2\/types\/page"}],"author":[{"embeddable":true,"href":"https:\/\/aetherische-oele.net\/WP\/wp-json\/wp\/v2\/users\/1"}],"replies":[{"embeddable":true,"href":"https:\/\/aetherische-oele.net\/WP\/wp-json\/wp\/v2\/comments?post=3773"}],"version-history":[{"count":1,"href":"https:\/\/aetherische-oele.net\/WP\/wp-json\/wp\/v2\/pages\/3773\/revisions"}],"predecessor-version":[{"id":3774,"href":"https:\/\/aetherische-oele.net\/WP\/wp-json\/wp\/v2\/pages\/3773\/revisions\/3774"}],"wp:attachment":[{"href":"https:\/\/aetherische-oele.net\/WP\/wp-json\/wp\/v2\/media?parent=3773"}],"curies":[{"name":"wp","href":"https:\/\/api.w.org\/{rel}","templated":true}]}}