{"id":3792,"date":"2024-11-17T10:02:19","date_gmt":"2024-11-17T09:02:19","guid":{"rendered":"https:\/\/aetherische-oele.net\/WP\/?page_id=3792"},"modified":"2024-11-17T10:02:19","modified_gmt":"2024-11-17T09:02:19","slug":"wirkung-auf-den-koerper-bestimmte-oele-fuer-bestimmte-koerperteile","status":"publish","type":"page","link":"https:\/\/aetherische-oele.net\/WP\/wirkung-auf-den-koerper-bestimmte-oele-fuer-bestimmte-koerperteile\/","title":{"rendered":"Wirkung auf den K\u00f6rper &#8211; Bestimmte \u00d6le f\u00fcr bestimmte K\u00f6rperteile"},"content":{"rendered":"<div>\n<h1 class=\"nobreak\">Wirkung auf den K\u00f6rper &#8211; Bestimmte \u00d6le f\u00fcr bestimmte K\u00f6rperteile<\/h1>\n<\/div>\n<div>\n<p>Es gibt f\u00fcr bestimmte K\u00f6rperteile bestimmte \u00e4therische \u00d6le, die erfahrungsgem\u00e4\u00df besonders gut helfen. Durch ihre spezielle Wirkung regenerieren und reinigen sie die K\u00f6rperzellen, zudem werden die K\u00f6rperfunktionen unterst\u00fctzt.<\/p>\n<div id=\"container1\">\n<div class=\"box\">\n<h3><strong>F\u00fcr die Atemwege<\/strong><\/h3>\n<ul>\n<li>Douglastanne<\/li>\n<li>Eukalyptus<\/li>\n<li>Fichte<\/li>\n<li>Galbanum<\/li>\n<li>Kiefer<\/li>\n<li><a href=\"https:\/\/aetherische-oele.net\/WP\/lavendeloel-lavandula-angustifolia\/\">Lavendel<\/a><\/li>\n<li>Ledum<\/li>\n<li><a href=\"https:\/\/aetherische-oele.net\/WP\/majoran-origanum-majorana\/\">Majoran<\/a><\/li>\n<li><a href=\"https:\/\/aetherische-oele.net\/WP\/myrtenoel-myrtus-communis\/\">Myrte<\/a><\/li>\n<li><a href=\"https:\/\/aetherische-oele.net\/WP\/nelkenoel-gewuerznelkenoel-eugenia-caryophyllata\/\">Nelke<\/a><\/li>\n<li><a href=\"https:\/\/aetherische-oele.net\/WP\/origanum-oregano-origanum-vulgare\/\">Oregano<\/a><\/li>\n<li>Palo Santo<\/li>\n<li><a href=\"https:\/\/aetherische-oele.net\/WP\/pfefferminzoel-mentha-piperata\/\">Pfefferminze<\/a><\/li>\n<li>Ravensara<\/li>\n<li><a href=\"https:\/\/aetherische-oele.net\/WP\/rosmarinoel-rosmarinus-officinalis\/\">Rosmarin<\/a><\/li>\n<li><a href=\"https:\/\/aetherische-oele.net\/WP\/salbei-salvia-officinalis\/\">Salbei<\/a><\/li>\n<li>Spearmint<\/li>\n<li>Teebaum<\/li>\n<li><a href=\"https:\/\/aetherische-oele.net\/WP\/thymianoel-thymus-vulgaris\/\">Thymian<\/a><\/li>\n<li><a href=\"https:\/\/aetherische-oele.net\/WP\/ysopoel-hyssopus-officinalis\/\">Ysop<\/a><\/li>\n<li><a href=\"https:\/\/aetherische-oele.net\/WP\/weihrauch-boswellia-sacra\/\">Weihrauch<\/a><\/li>\n<li>Zedernholz<\/li>\n<li><a href=\"https:\/\/aetherische-oele.net\/WP\/zitrone-zitronenoel-citrus-limonum\/\">Zitrone<\/a><\/li>\n<\/ul>\n<\/div>\n<div class=\"box\">\n<p><strong>F\u00fcr das Blut<\/strong><\/p>\n<ul>\n<li>Cistus<\/li>\n<li>Geranie<\/li>\n<li>Immortelle<\/li>\n<li><a href=\"https:\/\/aetherische-oele.net\/WP\/kamille-roemisch-anthemis-nobilis-2\/\">R\u00f6mische Kamille<\/a><\/li>\n<li>Lavendel<\/li>\n<li><a href=\"https:\/\/aetherische-oele.net\/WP\/lemongras-cymbopogon-citratus\/\">Lemongras<\/a><\/li>\n<li><a href=\"https:\/\/aetherische-oele.net\/WP\/muskatellersalbeioel-salvia-sclarea-l\/\">Muskatellersalbei<\/a><\/li>\n<li><a href=\"https:\/\/aetherische-oele.net\/WP\/narde-nardostachys-jatamansi\/\">Narde<\/a><\/li>\n<li>Nelke<\/li>\n<li><a href=\"https:\/\/aetherische-oele.net\/WP\/orangenoel-citrus-aurantium-dulcis-sinensis\/\">Orange<\/a><\/li>\n<li>Rosmarin<\/li>\n<li>Zitrone<\/li>\n<li><a href=\"https:\/\/aetherische-oele.net\/WP\/zypresse-cupressus-sempervirens\/\">Zypresse<\/a><\/li>\n<\/ul>\n<\/div>\n<div class=\"box\">\n<h3><strong>F\u00fcr die Blutgef\u00e4\u00dfe<\/strong><\/h3>\n<ul>\n<li>Immortelle<\/li>\n<li>Lemongras<\/li>\n<li>Narde<\/li>\n<li>Nelke<\/li>\n<li>Weihrauch<\/li>\n<li><a href=\"https:\/\/aetherische-oele.net\/WP\/wintergreen-wintergruengaultheria-procumbens\/\">Wintergreen<\/a><\/li>\n<li>Zitrone<\/li>\n<li>Zypresse<\/li>\n<\/ul>\n<\/div>\n<div class=\"box\">\n<h3><strong>F\u00fcr die Verdauung und den Darm<\/strong><\/h3>\n<ul>\n<li><a href=\"https:\/\/aetherische-oele.net\/WP\/bergamotteoel-citrus-bergamia\/\">Bergamotte<\/a><\/li>\n<li><a href=\"https:\/\/aetherische-oele.net\/WP\/cassiaoel-cinnamomum-aromaticum-nees\/\">Cassia<\/a><\/li>\n<li>Sabadille<\/li>\n<li>Estragon<\/li>\n<li>Eukalyptus<\/li>\n<li><a href=\"https:\/\/aetherische-oele.net\/WP\/fencheloel-foeniculum-vulgare\/\">Fenchel<\/a><\/li>\n<li>Galbanum<\/li>\n<li>Geranie<\/li>\n<li>Ingwer<\/li>\n<li><a href=\"https:\/\/aetherische-oele.net\/WP\/korianderoel-coriandrum-sativum-l\/\">Koriander<\/a><\/li>\n<li><a href=\"https:\/\/aetherische-oele.net\/WP\/kuemmeloel-carum-carvi-l\/\">K\u00fcmmel<\/a><\/li>\n<li>Ledum<\/li>\n<li>Lemongras<\/li>\n<li>Majoran<\/li>\n<li><a href=\"https:\/\/aetherische-oele.net\/WP\/mandarinenoel-citrus-reticulata\/\">Mandarine<\/a><\/li>\n<li>Muskat<\/li>\n<li>Myrte<\/li>\n<li>Nelke<\/li>\n<li>Orange<\/li>\n<li>Oregano<\/li>\n<li>Patschuli<\/li>\n<li>Pfefferminze<\/li>\n<li>Rosmarin<\/li>\n<li>Thymian<\/li>\n<li>Ysop<\/li>\n<li><a href=\"https:\/\/aetherische-oele.net\/WP\/wacholderoel-juniperus-communis\/\">Wacholder<\/a><\/li>\n<li><a href=\"https:\/\/aetherische-oele.net\/WP\/zimtoel-zimtrindenoel-cinnamomum-verum\/\">Zimt<\/a><\/li>\n<li>Zitrone<\/li>\n<li>Zypresse<\/li>\n<\/ul>\n<\/div>\n<div class=\"box\">\n<h3><strong>F\u00fcr die emotionale Ausgeglichenheit<\/strong><\/h3>\n<ul>\n<li>Bergamotte<\/li>\n<li>Fichte<\/li>\n<li>Geranie<\/li>\n<li>Jasmine<\/li>\n<li>Kamille<\/li>\n<li>Kiefer<\/li>\n<li>Lavendel<\/li>\n<li>Mandarine<\/li>\n<li><a href=\"https:\/\/aetherische-oele.net\/WP\/melissenoel-melissa-officianalis\/\">Melisse<\/a><\/li>\n<li>Narde<\/li>\n<li><a href=\"https:\/\/aetherische-oele.net\/WP\/petit-grain-citrus-aurantium\/\">Petit Grain<\/a><\/li>\n<li>Rainfarn<\/li>\n<li>Rote <a href=\"https:\/\/aetherische-oele.net\/WP\/zedernoel-cedrus-atlantica-atlaszeder\/\">Zeder<\/a><\/li>\n<li><a href=\"https:\/\/aetherische-oele.net\/WP\/rosenoel-rosa-centifolia-und-damascena\/\">Rose<\/a><\/li>\n<li><a href=\"https:\/\/aetherische-oele.net\/WP\/sandelholz-santalum-album\/\">Sandelholz<\/a><\/li>\n<li><a href=\"https:\/\/aetherische-oele.net\/WP\/schafgarbenoel-achillea-millefolium\/\">Schafgarbe<\/a><\/li>\n<li>Spearmint<\/li>\n<li>Weihrauch<\/li>\n<li><a href=\"https:\/\/aetherische-oele.net\/WP\/weisstanne-abies-alba\/\">Wei\u00dftanne<\/a><\/li>\n<li><a href=\"https:\/\/aetherische-oele.net\/WP\/ylang-ylang-oel-cananga-odorata\/\">Ylang Ylang<\/a><\/li>\n<\/ul>\n<\/div>\n<div class=\"box\">\n<h3><strong>F\u00fcr das Gehirn<\/strong><\/h3>\n<ul>\n<li>Immortelle<\/li>\n<li><a href=\"https:\/\/aetherische-oele.net\/WP\/myrrhe-commiphora-myrrha-abyssinica-molmol\/\">Myrrhe<\/a><\/li>\n<li>Muskat<\/li>\n<li>Nelke<\/li>\n<li>Palo Santo<\/li>\n<li>Pfefferminze<\/li>\n<li>Sandelholz<\/li>\n<li>Wacholder<\/li>\n<li>Weihrauch<\/li>\n<li>Zitrone<\/li>\n<\/ul>\n<\/div>\n<div class=\"box\">\n<h3><strong>F\u00fcr die\u00a0<\/strong><strong>Gelenke und die Knochen<\/strong><\/h3>\n<ul>\n<li><a href=\"https:\/\/aetherische-oele.net\/WP\/basilikumoel-ocimum-basilicum\/\">Basilikum<\/a><\/li>\n<li><a href=\"https:\/\/aetherische-oele.net\/WP\/citronellaoel-cymbopogon-nardus\/\">Citronella<\/a><\/li>\n<li>Douglastanne<\/li>\n<li>Eukalyptus<\/li>\n<li>Fenchel<\/li>\n<li>Fichte<\/li>\n<li>Immortelle<\/li>\n<li>Koriander<\/li>\n<li>Lemongras<\/li>\n<li>Majoran<\/li>\n<li>Muskat<\/li>\n<li>Myrte<\/li>\n<li>Nelke<\/li>\n<li>Oregano<\/li>\n<li>Palo Santo<\/li>\n<li>Pfefferminze<\/li>\n<li>Rosmarin<\/li>\n<li>Sandelholz<\/li>\n<li>Teebaum<\/li>\n<li>Thymian<\/li>\n<li><a href=\"https:\/\/aetherische-oele.net\/WP\/vetiver-vetiveria-zizanoides\/\">Vetiver<\/a><\/li>\n<li>Weihrauch<\/li>\n<li>Wei\u00dftanne<\/li>\n<li>Wintergr\u00fcn<\/li>\n<li>Zypresse<\/li>\n<\/ul>\n<\/div>\n<div class=\"box\">\n<h3><strong>F\u00fcr die\u00a0<\/strong><strong>Harnwege<\/strong><\/h3>\n<ul>\n<li>Estragon<\/li>\n<li>Eukalyptus<\/li>\n<li>Fenchel<\/li>\n<li>Kiefer<\/li>\n<li>Myrte<\/li>\n<li>Nelke<\/li>\n<li>Oregano<\/li>\n<li>Rosmarin<\/li>\n<li>Teebaum<\/li>\n<li>Wacholder<\/li>\n<li>Zitrone<\/li>\n<\/ul>\n<\/div>\n<div class=\"box\">\n<h3><strong>F\u00fcr die\u00a0<\/strong><strong>Haut und die Haare<\/strong><\/h3>\n<ul>\n<li>Bergamotte<\/li>\n<li>Citronella<\/li>\n<li><a href=\"https:\/\/aetherische-oele.net\/WP\/elemi-canarium-luzonicum\/\">Elemi<\/a><\/li>\n<li>Eukalyptus<\/li>\n<li>Galbanum<\/li>\n<li>Geranie<\/li>\n<li>Immortelle<\/li>\n<li>Jasmin<\/li>\n<li>Kamille<\/li>\n<li>Lavendel<\/li>\n<li>Ledum<\/li>\n<li>Mandarine<\/li>\n<li>Melisse<\/li>\n<li>Myrrhe<\/li>\n<li>Myrte<\/li>\n<li>Narde<\/li>\n<li><a href=\"https:\/\/aetherische-oele.net\/WP\/nerolioel-citrus-bigaradia-und-aurantium\/\">Neroli<\/a><\/li>\n<li>Orange<\/li>\n<li>Patschuli<\/li>\n<li>Pfefferminze<\/li>\n<li>Rainfarn<\/li>\n<li>Rose<\/li>\n<li><a href=\"https:\/\/aetherische-oele.net\/WP\/rosenholz-aniba-rosae-odora\/\">Rosenholz<\/a><\/li>\n<li>Rosmarin<\/li>\n<li>Rote Zeder<\/li>\n<li>Sandelholz<\/li>\n<li>Schafgarbe<\/li>\n<li>Teebaum<\/li>\n<li>Vetiver<\/li>\n<li>Wacholder<\/li>\n<li>Weihrauch<\/li>\n<li>Ylang Ylang<\/li>\n<li>Zedernholz<\/li>\n<li>Zitrone<\/li>\n<li>Zypresse<\/li>\n<\/ul>\n<\/div>\n<div class=\"box\">\n<h3><strong>F\u00fcr das Herz und den Kreislauf<\/strong><\/h3>\n<ul>\n<li>Basilikum<\/li>\n<li>Cassia<\/li>\n<li>Galbanum<\/li>\n<li>Geranie<\/li>\n<li>Goldrute<\/li>\n<li><a href=\"https:\/\/aetherische-oele.net\/WP\/grapefruitoel-citrus-paradisi\/\">Grapefruit<\/a><\/li>\n<li>Immortelle<\/li>\n<li>Lavendel<\/li>\n<li>Lemongras<\/li>\n<li>Majoran<\/li>\n<li>Mandarine<\/li>\n<li>Muskat<\/li>\n<li>Muskatellersalbei<\/li>\n<li>Nelke<\/li>\n<li>Onycha<\/li>\n<li>Orange<\/li>\n<li>Rose<\/li>\n<li>Rosmarin<\/li>\n<li>Salbei<\/li>\n<li>Sandelholz<\/li>\n<li>Thymian<\/li>\n<li>Tsuga<\/li>\n<li>Vetiver<\/li>\n<li>Wintergr\u00fcn<\/li>\n<li>Ylang Ylang<\/li>\n<li>Ysop<\/li>\n<li>Zimt<\/li>\n<li>Zitrone<\/li>\n<li>Zypresse<\/li>\n<\/ul>\n<\/div>\n<div class=\"box\">\n<h3><strong>F\u00fcr den\u00a0<\/strong><strong>Hormonausgleich<\/strong><\/h3>\n<ul>\n<li>Balsamtanne<\/li>\n<li>Bergamotte<\/li>\n<li>Estragon<\/li>\n<li>Fenchel<\/li>\n<li>Fichte<\/li>\n<li>Goldrute<\/li>\n<li>Jasmine<\/li>\n<li>Kiefer<\/li>\n<li>Koriander<\/li>\n<li>Muskat<\/li>\n<li>Muskatellersalbei<\/li>\n<li>Myrrhe<\/li>\n<li>Myrte<\/li>\n<li>Rosenholz<\/li>\n<li>Salbei<\/li>\n<li>Schafgarbe<\/li>\n<li>Vetiver<\/li>\n<li>Ylang Ylang<\/li>\n<\/ul>\n<\/div>\n<div class=\"box\">\n<h3><strong>F\u00fcr das\u00a0<\/strong><strong>Immunsystem<\/strong><\/h3>\n<ul>\n<li>Basilikum<\/li>\n<li>Bergbohnenkraut<\/li>\n<li>Cistus<\/li>\n<li>Eukalyptus<\/li>\n<li>Fichte<\/li>\n<li>Galbanum<\/li>\n<li>Kiefer<\/li>\n<li>Laurus nobilis<\/li>\n<li>Lemongras<\/li>\n<li>Mandarine<\/li>\n<li>Melisse<\/li>\n<li>Muskat<\/li>\n<li>Myrrhe<\/li>\n<li>Myrte<\/li>\n<li>Nelke<\/li>\n<li>Orange<\/li>\n<li>Oregano<\/li>\n<li>Ravensara<\/li>\n<li>Rosenholz<\/li>\n<li>Salbei<\/li>\n<li>Sandelholz<\/li>\n<li>Schafgarbe<\/li>\n<li>Teebaum<\/li>\n<li>Thymian<\/li>\n<li>Weihrauch<\/li>\n<li>Wei\u00dftanne<\/li>\n<li>Ysop<\/li>\n<li>Zimt<\/li>\n<li>Zitrone<\/li>\n<li>Zypresse<\/li>\n<\/ul>\n<\/div>\n<div class=\"box\">\n<h3><strong>F\u00fcr die\u00a0<\/strong><strong>Leber<\/strong><\/h3>\n<ul>\n<li>Sabadille<\/li>\n<li>Geranie<\/li>\n<li>Goldrute<\/li>\n<li>Grapefruit<\/li>\n<li>Immortelle<\/li>\n<li>R\u00f6mische Kamille<\/li>\n<li>Ledum<\/li>\n<li>Mandarine<\/li>\n<li>Myrte<\/li>\n<li>Muskat<\/li>\n<li>Nelke<\/li>\n<li>Pfefferminze<\/li>\n<li>Rosmarin<\/li>\n<li>Salbei<\/li>\n<li>Wacholder<\/li>\n<\/ul>\n<\/div>\n<div class=\"box\">\n<h3><strong>F\u00fcr die\u00a0<\/strong><strong>Lunge<\/strong><\/h3>\n<ul>\n<li>Basilikum<\/li>\n<li>Balsamtanne<\/li>\n<li>Cistus<\/li>\n<li>Eukalyptus<\/li>\n<li>Fichte<\/li>\n<li>Immortelle<\/li>\n<li>Kiefer<\/li>\n<li>Myrte<\/li>\n<li>Oregano<\/li>\n<li>Palo Santo<\/li>\n<li>Ravensara<\/li>\n<li>Rosmarin<\/li>\n<li>Spearmint<\/li>\n<li>Teebaum<\/li>\n<li>Thymian<\/li>\n<li>Weihrauch<\/li>\n<li>Wintergr\u00fcn<\/li>\n<\/ul>\n<\/div>\n<div class=\"box\">\n<h3><strong>F\u00fcr das Lymphsystem<\/strong><\/h3>\n<ul>\n<li>Grapefruit<\/li>\n<li>Immortelle<\/li>\n<li>Kiefer<\/li>\n<li>Ledum<\/li>\n<li>Lemongras<\/li>\n<li>Mandarine<\/li>\n<li>Myrte<\/li>\n<li>Orange<\/li>\n<li>Rosmarin<\/li>\n<li>Sandelholz<\/li>\n<li>Zedernholz<\/li>\n<li>Zypresse<\/li>\n<\/ul>\n<\/div>\n<div class=\"box\">\n<h3><strong>F\u00fcr die Muskeln<\/strong><\/h3>\n<ul>\n<li>Basilikum<\/li>\n<li>Citronella<\/li>\n<li>Douglastanne<\/li>\n<li>Elemi<\/li>\n<li>Fichte<\/li>\n<li>Immortelle<\/li>\n<li>Ingwer<\/li>\n<li>Koriander<\/li>\n<li>Lemongras<\/li>\n<li>Majoran<\/li>\n<li>Myrte<\/li>\n<li>Oregano<\/li>\n<li>Pfefferminze<\/li>\n<li>Rosmarin<\/li>\n<li>Sandelholz<\/li>\n<li>Schwarzer <a href=\"https:\/\/aetherische-oele.net\/WP\/pfefferoel-piper-nigrum\/\">Pfeffer<\/a><\/li>\n<li>Teebaum<\/li>\n<li>Thymian<\/li>\n<li>Weihrauch<\/li>\n<li>Wei\u00dftanne<\/li>\n<li>Wintergr\u00fcn<\/li>\n<li>Zypresse<\/li>\n<\/ul>\n<\/div>\n<div class=\"box\">\n<h3><strong>F\u00fcr das Nervensystem<\/strong><\/h3>\n<ul>\n<li><a href=\"https:\/\/aetherische-oele.net\/WP\/baldrianoel-valeriana-officinalis\/\">Baldrian<\/a><\/li>\n<li>Balsamtanne<\/li>\n<li>Bergbohnenkraut<\/li>\n<li>Cistus<\/li>\n<li>Elemi<\/li>\n<li>Estragon<\/li>\n<li>Fichte<\/li>\n<li>Geranie<\/li>\n<li>Goldrute<\/li>\n<li>Grapefruit<\/li>\n<li>Immortelle<\/li>\n<li>Ingwer<\/li>\n<li>R\u00f6mische Kamille<\/li>\n<li>Lavendel<\/li>\n<li>Laurus nobilis<\/li>\n<li>Ledum<\/li>\n<li>Majoran<\/li>\n<li>Melisse<\/li>\n<li>Muskat<\/li>\n<li>Muskatellersalbei<\/li>\n<li>Myrrhe<\/li>\n<li>Pfefferminze<\/li>\n<li>Rainfarn<\/li>\n<li>Ravensara<\/li>\n<li>Salbei<\/li>\n<li>Sandelholz<\/li>\n<li>Schwarzer Pfeffer<\/li>\n<li>Spearmint<\/li>\n<li>Vetiver<\/li>\n<li>Wacholder<\/li>\n<li>Weihrauch<\/li>\n<li>Ysop<\/li>\n<li>Zedernholz<\/li>\n<\/ul>\n<\/div>\n<div class=\"box\">\n<h3><strong>F\u00fcr die Nieren<\/strong><\/h3>\n<ul>\n<li><a href=\"https:\/\/aetherische-oele.net\/WP\/anisoel-pimpinella-anisum\/\">Anis<\/a><\/li>\n<li>Fenchel<\/li>\n<li>Geranie<\/li>\n<li>Grapefruit<\/li>\n<li>Immortelle<\/li>\n<li>Ledum<\/li>\n<li>Lemongras<\/li>\n<li>Salbei<\/li>\n<li>Wacholder<\/li>\n<li>Wintergr\u00fcn<\/li>\n<\/ul>\n<\/div>\n<div class=\"box\">\n<h3><strong>F\u00fcr die Prostata<\/strong><\/h3>\n<ul>\n<li>Balsamtanne<\/li>\n<li>Myrrhe<\/li>\n<li>Myrte<\/li>\n<li>Oregano<\/li>\n<li>Pfefferminze<\/li>\n<li>Weihrauch<\/li>\n<\/ul>\n<\/div>\n<div class=\"box\">\n<h3><strong>F\u00fcr den Stoffwechsel<\/strong><\/h3>\n<ul>\n<li>Fenchel<\/li>\n<li>Grapefruit<\/li>\n<li>Orange<\/li>\n<li>Rainfarn<\/li>\n<li>Salbei<\/li>\n<li>Schwarzer Pfeffer<\/li>\n<li>Spearmint<\/li>\n<\/ul>\n<\/div>\n<div class=\"box\">\n<h3><strong>Als Anti Aging-Mittel<\/strong><\/h3>\n<ul>\n<li>Anis<\/li>\n<li>Cassia<\/li>\n<li>Cistus<\/li>\n<li>Grapefruit<\/li>\n<li>Ledum<\/li>\n<li>Mandarine<\/li>\n<li>Melisse<\/li>\n<li>Nelke<\/li>\n<li>Orange<\/li>\n<li>Oregano<\/li>\n<li>Thymian<\/li>\n<li>Weihrauch<\/li>\n<li>Wei\u00dftanne<\/li>\n<li>Zitrone<\/li>\n<\/ul>\n<\/div>\n<\/div>\n<\/div>\n","protected":false},"excerpt":{"rendered":"<p>Wirkung auf den K\u00f6rper &#8211; Bestimmte \u00d6le f\u00fcr bestimmte K\u00f6rperteile Es gibt f\u00fcr bestimmte K\u00f6rperteile bestimmte \u00e4therische \u00d6le, die erfahrungsgem\u00e4\u00df besonders gut helfen. Durch ihre spezielle Wirkung regenerieren und reinigen sie die K\u00f6rperzellen, zudem werden die K\u00f6rperfunktionen unterst\u00fctzt. F\u00fcr die Atemwege Douglastanne Eukalyptus Fichte Galbanum Kiefer Lavendel Ledum Majoran Myrte Nelke Oregano Palo Santo Pfefferminze [&hellip;]<\/p>\n","protected":false},"author":1,"featured_media":0,"parent":0,"menu_order":0,"comment_status":"closed","ping_status":"closed","template":"","meta":{"_coblocks_attr":"","_coblocks_dimensions":"","_coblocks_responsive_height":"","_coblocks_accordion_ie_support":"","_metis_text_type":"standard","_metis_text_length":4243,"_post_count":0,"footnotes":""},"class_list":["post-3792","page","type-page","status-publish","hentry"],"yoast_head":"<!-- This site is optimized with the Yoast SEO plugin v27.4 - https:\/\/yoast.com\/product\/yoast-seo-wordpress\/ -->\n<title>Wirkung auf den K\u00f6rper - Bestimmte \u00d6le f\u00fcr bestimmte K\u00f6rperteile - Aromatherapie - Aromapflege - \u00c4therische \u00d6le<\/title>\n<meta name=\"robots\" content=\"index, follow, max-snippet:-1, max-image-preview:large, max-video-preview:-1\" \/>\n<link rel=\"canonical\" href=\"https:\/\/aetherische-oele.net\/WP\/wirkung-auf-den-koerper-bestimmte-oele-fuer-bestimmte-koerperteile\/\" \/>\n<meta property=\"og:locale\" content=\"de_DE\" \/>\n<meta property=\"og:type\" content=\"article\" \/>\n<meta property=\"og:title\" content=\"Wirkung auf den K\u00f6rper - Bestimmte \u00d6le f\u00fcr bestimmte K\u00f6rperteile - Aromatherapie - Aromapflege - \u00c4therische \u00d6le\" \/>\n<meta property=\"og:description\" content=\"Wirkung auf den K\u00f6rper &#8211; Bestimmte \u00d6le f\u00fcr bestimmte K\u00f6rperteile Es gibt f\u00fcr bestimmte K\u00f6rperteile bestimmte \u00e4therische \u00d6le, die erfahrungsgem\u00e4\u00df besonders gut helfen. Durch ihre spezielle Wirkung regenerieren und reinigen sie die K\u00f6rperzellen, zudem werden die K\u00f6rperfunktionen unterst\u00fctzt. F\u00fcr die Atemwege Douglastanne Eukalyptus Fichte Galbanum Kiefer Lavendel Ledum Majoran Myrte Nelke Oregano Palo Santo Pfefferminze [&hellip;]\" \/>\n<meta property=\"og:url\" content=\"https:\/\/aetherische-oele.net\/WP\/wirkung-auf-den-koerper-bestimmte-oele-fuer-bestimmte-koerperteile\/\" \/>\n<meta property=\"og:site_name\" content=\"Aromatherapie - Aromapflege - \u00c4therische \u00d6le\" \/>\n<meta name=\"twitter:card\" content=\"summary_large_image\" \/>\n<meta name=\"twitter:label1\" content=\"Gesch\u00e4tzte Lesezeit\" \/>\n\t<meta name=\"twitter:data1\" content=\"3\u00a0Minuten\" \/>\n<script type=\"application\/ld+json\" class=\"yoast-schema-graph\">{\"@context\":\"https:\\\/\\\/schema.org\",\"@graph\":[{\"@type\":\"WebPage\",\"@id\":\"https:\\\/\\\/aetherische-oele.net\\\/WP\\\/wirkung-auf-den-koerper-bestimmte-oele-fuer-bestimmte-koerperteile\\\/\",\"url\":\"https:\\\/\\\/aetherische-oele.net\\\/WP\\\/wirkung-auf-den-koerper-bestimmte-oele-fuer-bestimmte-koerperteile\\\/\",\"name\":\"Wirkung auf den K\u00f6rper - Bestimmte \u00d6le f\u00fcr bestimmte K\u00f6rperteile - Aromatherapie - Aromapflege - \u00c4therische \u00d6le\",\"isPartOf\":{\"@id\":\"https:\\\/\\\/aetherische-oele.net\\\/WP\\\/#website\"},\"datePublished\":\"2024-11-17T09:02:19+00:00\",\"breadcrumb\":{\"@id\":\"https:\\\/\\\/aetherische-oele.net\\\/WP\\\/wirkung-auf-den-koerper-bestimmte-oele-fuer-bestimmte-koerperteile\\\/#breadcrumb\"},\"inLanguage\":\"de\",\"potentialAction\":[{\"@type\":\"ReadAction\",\"target\":[\"https:\\\/\\\/aetherische-oele.net\\\/WP\\\/wirkung-auf-den-koerper-bestimmte-oele-fuer-bestimmte-koerperteile\\\/\"]}]},{\"@type\":\"BreadcrumbList\",\"@id\":\"https:\\\/\\\/aetherische-oele.net\\\/WP\\\/wirkung-auf-den-koerper-bestimmte-oele-fuer-bestimmte-koerperteile\\\/#breadcrumb\",\"itemListElement\":[{\"@type\":\"ListItem\",\"position\":1,\"name\":\"Startseite\",\"item\":\"https:\\\/\\\/aetherische-oele.net\\\/WP\\\/\"},{\"@type\":\"ListItem\",\"position\":2,\"name\":\"Wirkung auf den K\u00f6rper &#8211; Bestimmte \u00d6le f\u00fcr bestimmte K\u00f6rperteile\"}]},{\"@type\":\"WebSite\",\"@id\":\"https:\\\/\\\/aetherische-oele.net\\\/WP\\\/#website\",\"url\":\"https:\\\/\\\/aetherische-oele.net\\\/WP\\\/\",\"name\":\"Aromatherapie - Aromapflege - \u00c4therische \u00d6le\",\"description\":\"Das Kompendium online\",\"potentialAction\":[{\"@type\":\"SearchAction\",\"target\":{\"@type\":\"EntryPoint\",\"urlTemplate\":\"https:\\\/\\\/aetherische-oele.net\\\/WP\\\/?s={search_term_string}\"},\"query-input\":{\"@type\":\"PropertyValueSpecification\",\"valueRequired\":true,\"valueName\":\"search_term_string\"}}],\"inLanguage\":\"de\"}]}<\/script>\n<!-- \/ Yoast SEO plugin. -->","yoast_head_json":{"title":"Wirkung auf den K\u00f6rper - Bestimmte \u00d6le f\u00fcr bestimmte K\u00f6rperteile - Aromatherapie - Aromapflege - \u00c4therische \u00d6le","robots":{"index":"index","follow":"follow","max-snippet":"max-snippet:-1","max-image-preview":"max-image-preview:large","max-video-preview":"max-video-preview:-1"},"canonical":"https:\/\/aetherische-oele.net\/WP\/wirkung-auf-den-koerper-bestimmte-oele-fuer-bestimmte-koerperteile\/","og_locale":"de_DE","og_type":"article","og_title":"Wirkung auf den K\u00f6rper - Bestimmte \u00d6le f\u00fcr bestimmte K\u00f6rperteile - Aromatherapie - Aromapflege - \u00c4therische \u00d6le","og_description":"Wirkung auf den K\u00f6rper &#8211; Bestimmte \u00d6le f\u00fcr bestimmte K\u00f6rperteile Es gibt f\u00fcr bestimmte K\u00f6rperteile bestimmte \u00e4therische \u00d6le, die erfahrungsgem\u00e4\u00df besonders gut helfen. Durch ihre spezielle Wirkung regenerieren und reinigen sie die K\u00f6rperzellen, zudem werden die K\u00f6rperfunktionen unterst\u00fctzt. F\u00fcr die Atemwege Douglastanne Eukalyptus Fichte Galbanum Kiefer Lavendel Ledum Majoran Myrte Nelke Oregano Palo Santo Pfefferminze [&hellip;]","og_url":"https:\/\/aetherische-oele.net\/WP\/wirkung-auf-den-koerper-bestimmte-oele-fuer-bestimmte-koerperteile\/","og_site_name":"Aromatherapie - Aromapflege - \u00c4therische \u00d6le","twitter_card":"summary_large_image","twitter_misc":{"Gesch\u00e4tzte Lesezeit":"3\u00a0Minuten"},"schema":{"@context":"https:\/\/schema.org","@graph":[{"@type":"WebPage","@id":"https:\/\/aetherische-oele.net\/WP\/wirkung-auf-den-koerper-bestimmte-oele-fuer-bestimmte-koerperteile\/","url":"https:\/\/aetherische-oele.net\/WP\/wirkung-auf-den-koerper-bestimmte-oele-fuer-bestimmte-koerperteile\/","name":"Wirkung auf den K\u00f6rper - Bestimmte \u00d6le f\u00fcr bestimmte K\u00f6rperteile - Aromatherapie - Aromapflege - \u00c4therische \u00d6le","isPartOf":{"@id":"https:\/\/aetherische-oele.net\/WP\/#website"},"datePublished":"2024-11-17T09:02:19+00:00","breadcrumb":{"@id":"https:\/\/aetherische-oele.net\/WP\/wirkung-auf-den-koerper-bestimmte-oele-fuer-bestimmte-koerperteile\/#breadcrumb"},"inLanguage":"de","potentialAction":[{"@type":"ReadAction","target":["https:\/\/aetherische-oele.net\/WP\/wirkung-auf-den-koerper-bestimmte-oele-fuer-bestimmte-koerperteile\/"]}]},{"@type":"BreadcrumbList","@id":"https:\/\/aetherische-oele.net\/WP\/wirkung-auf-den-koerper-bestimmte-oele-fuer-bestimmte-koerperteile\/#breadcrumb","itemListElement":[{"@type":"ListItem","position":1,"name":"Startseite","item":"https:\/\/aetherische-oele.net\/WP\/"},{"@type":"ListItem","position":2,"name":"Wirkung auf den K\u00f6rper &#8211; Bestimmte \u00d6le f\u00fcr bestimmte K\u00f6rperteile"}]},{"@type":"WebSite","@id":"https:\/\/aetherische-oele.net\/WP\/#website","url":"https:\/\/aetherische-oele.net\/WP\/","name":"Aromatherapie - Aromapflege - \u00c4therische \u00d6le","description":"Das Kompendium online","potentialAction":[{"@type":"SearchAction","target":{"@type":"EntryPoint","urlTemplate":"https:\/\/aetherische-oele.net\/WP\/?s={search_term_string}"},"query-input":{"@type":"PropertyValueSpecification","valueRequired":true,"valueName":"search_term_string"}}],"inLanguage":"de"}]}},"jetpack_sharing_enabled":true,"public_identification_id":"3498560e8d08413cbeb030f8a5d372fb","private_identification_id":"1db960de95b443f19184f6ee502542f4","_links":{"self":[{"href":"https:\/\/aetherische-oele.net\/WP\/wp-json\/wp\/v2\/pages\/3792","targetHints":{"allow":["GET"]}}],"collection":[{"href":"https:\/\/aetherische-oele.net\/WP\/wp-json\/wp\/v2\/pages"}],"about":[{"href":"https:\/\/aetherische-oele.net\/WP\/wp-json\/wp\/v2\/types\/page"}],"author":[{"embeddable":true,"href":"https:\/\/aetherische-oele.net\/WP\/wp-json\/wp\/v2\/users\/1"}],"replies":[{"embeddable":true,"href":"https:\/\/aetherische-oele.net\/WP\/wp-json\/wp\/v2\/comments?post=3792"}],"version-history":[{"count":1,"href":"https:\/\/aetherische-oele.net\/WP\/wp-json\/wp\/v2\/pages\/3792\/revisions"}],"predecessor-version":[{"id":3793,"href":"https:\/\/aetherische-oele.net\/WP\/wp-json\/wp\/v2\/pages\/3792\/revisions\/3793"}],"wp:attachment":[{"href":"https:\/\/aetherische-oele.net\/WP\/wp-json\/wp\/v2\/media?parent=3792"}],"curies":[{"name":"wp","href":"https:\/\/api.w.org\/{rel}","templated":true}]}}