{"id":3796,"date":"2024-11-17T10:14:03","date_gmt":"2024-11-17T09:14:03","guid":{"rendered":"https:\/\/aetherische-oele.net\/WP\/?page_id=3796"},"modified":"2024-11-17T10:14:03","modified_gmt":"2024-11-17T09:14:03","slug":"die-richtige-art-und-weise-aetherische-oele-zu-riechen","status":"publish","type":"page","link":"https:\/\/aetherische-oele.net\/WP\/die-richtige-art-und-weise-aetherische-oele-zu-riechen\/","title":{"rendered":"Die richtige Art und Weise, \u00e4therische \u00d6le zu riechen"},"content":{"rendered":"<div>\n<h1 class=\"nobreak\">Die richtige Art und Weise, \u00e4therische \u00d6le zu riechen<\/h1>\n<\/div>\n<div>\n<p>&nbsp;<\/p>\n<p>Jeder m\u00f6chte die wunderbaren (und nicht so wunderbaren) D\u00fcfte der \u00e4therischen \u00d6le <a href=\"https:\/\/aetherische-oele.net\/WP\/thema-riechen\/\">riechen<\/a>, aber die meisten Leute riechen sie falsch.<\/p>\n<p>Warum? Sie wollen direkt aus der Flasche daran riechen. Das ist einer der schlimmsten Wege, um zu &#8222;erfahren&#8220;, wie ein \u00d6l duftet!<\/p>\n<p>&nbsp;<\/p>\n<p><strong>Besser geht es so<\/strong><\/p>\n<p>Der richtige Weg ist, 1-2 Tropfen des \u00d6les auf ein unparf\u00fcmiertes St\u00fcck sauberes Tuch oder Watte zu geben.<br \/>\nNoch besser ist es , wenn Sie einen Parf\u00fcmeur-Duftstreifen verwenden.<\/p>\n<p>Als n\u00e4chstes sollten Sie sich angew\u00f6hnen, das \u00d6l in Intervallen riechen.<\/p>\n<p>Drehen Sie Ihren Kopf weg vom \u00d6l-Tr\u00e4ger oder dem Duftstreifen, atmen Sie dann einmal ein und dann wieder aus.<\/p>\n<p>Dann atmen Sie das \u00d6l ein, aus einer Entfernung von 10 bis 15 cm.<br \/>\nAber: Nicht tief einatmen. Nur einen leichten Hauch davon aufnehmen.<br \/>\nNotieren Sie sich, wie das \u00d6l duftet. Fruchtig, kr\u00e4uterartig, holzig, erdig, etc.<\/p>\n<p>Nehmen Sie dann etwas mehr des Duftes auf, atmen Sie also tiefer ein. Machen Sie sich wieder Notizen.<\/p>\n<p>Jetzt sollten Sie das \u00d6l etwas erw\u00e4rmen. Wie das geht? Einfach anhauchen. Die W\u00e4rme Ihres Atems gen\u00fcgt.<\/p>\n<p>Durch die Erw\u00e4rmung kommen oft andere D\u00fcfte zum Vorschein, von denen Sie vielleicht nicht wissen, dass es sie in diesem \u00d6l gibt. Machen Sie sich wieder Notizen.<\/p>\n<p>Jetzt warten Sie f\u00fcnf Minuten und nehmen Sie noch einmal den Duft durch Ihre Nase auf. Schreiben Sie Ihre Notizen.<\/p>\n<p>Sie k\u00f6nnen das jetzt weiter fortsetzten. Nach 15, 30 Minuten und 1 Stunde wieder riechen.<\/p>\n<p>Um wirklich ein \u00d6l kennenzulernen, sollten Sie 24 Stunden sp\u00e4ter wieder daran riechen.<\/p>\n<p>Denken Sie daran, dass Ihr Gehirns sich diese D\u00fcfte schnell merken kann und sich auch gut daran erinnern kann. Beim n\u00e4chsten Mal werden Sie dieses \u00d6l dann schnell wieder erkennen.<\/p>\n<p>Viel Spa\u00df beim Schn\u00fcffeln!<\/p>\n<\/div>\n","protected":false},"excerpt":{"rendered":"<p>Die richtige Art und Weise, \u00e4therische \u00d6le zu riechen &nbsp; Jeder m\u00f6chte die wunderbaren (und nicht so wunderbaren) D\u00fcfte der \u00e4therischen \u00d6le riechen, aber die meisten Leute riechen sie falsch. Warum? Sie wollen direkt aus der Flasche daran riechen. Das ist einer der schlimmsten Wege, um zu &#8222;erfahren&#8220;, wie ein \u00d6l duftet! &nbsp; Besser geht [&hellip;]<\/p>\n","protected":false},"author":1,"featured_media":0,"parent":0,"menu_order":0,"comment_status":"closed","ping_status":"closed","template":"","meta":{"_coblocks_attr":"","_coblocks_dimensions":"","_coblocks_responsive_height":"","_coblocks_accordion_ie_support":"","_metis_text_type":"standard","_metis_text_length":1803,"_post_count":0,"footnotes":""},"class_list":["post-3796","page","type-page","status-publish","hentry"],"yoast_head":"<!-- This site is optimized with the Yoast SEO plugin v27.5 - https:\/\/yoast.com\/product\/yoast-seo-wordpress\/ -->\n<title>Die richtige Art und Weise, \u00e4therische \u00d6le zu riechen - Aromatherapie - Aromapflege - \u00c4therische \u00d6le<\/title>\n<meta name=\"robots\" content=\"index, follow, max-snippet:-1, max-image-preview:large, max-video-preview:-1\" \/>\n<link rel=\"canonical\" href=\"https:\/\/aetherische-oele.net\/WP\/die-richtige-art-und-weise-aetherische-oele-zu-riechen\/\" \/>\n<meta property=\"og:locale\" content=\"de_DE\" \/>\n<meta property=\"og:type\" content=\"article\" \/>\n<meta property=\"og:title\" content=\"Die richtige Art und Weise, \u00e4therische \u00d6le zu riechen - Aromatherapie - Aromapflege - \u00c4therische \u00d6le\" \/>\n<meta property=\"og:description\" content=\"Die richtige Art und Weise, \u00e4therische \u00d6le zu riechen &nbsp; Jeder m\u00f6chte die wunderbaren (und nicht so wunderbaren) D\u00fcfte der \u00e4therischen \u00d6le riechen, aber die meisten Leute riechen sie falsch. Warum? Sie wollen direkt aus der Flasche daran riechen. Das ist einer der schlimmsten Wege, um zu &#8222;erfahren&#8220;, wie ein \u00d6l duftet! &nbsp; Besser geht [&hellip;]\" \/>\n<meta property=\"og:url\" content=\"https:\/\/aetherische-oele.net\/WP\/die-richtige-art-und-weise-aetherische-oele-zu-riechen\/\" \/>\n<meta property=\"og:site_name\" content=\"Aromatherapie - Aromapflege - \u00c4therische \u00d6le\" \/>\n<meta name=\"twitter:card\" content=\"summary_large_image\" \/>\n<meta name=\"twitter:label1\" content=\"Gesch\u00e4tzte Lesezeit\" \/>\n\t<meta name=\"twitter:data1\" content=\"2\u00a0Minuten\" \/>\n<script type=\"application\/ld+json\" class=\"yoast-schema-graph\">{\"@context\":\"https:\\\/\\\/schema.org\",\"@graph\":[{\"@type\":\"WebPage\",\"@id\":\"https:\\\/\\\/aetherische-oele.net\\\/WP\\\/die-richtige-art-und-weise-aetherische-oele-zu-riechen\\\/\",\"url\":\"https:\\\/\\\/aetherische-oele.net\\\/WP\\\/die-richtige-art-und-weise-aetherische-oele-zu-riechen\\\/\",\"name\":\"Die richtige Art und Weise, \u00e4therische \u00d6le zu riechen - Aromatherapie - Aromapflege - \u00c4therische \u00d6le\",\"isPartOf\":{\"@id\":\"https:\\\/\\\/aetherische-oele.net\\\/WP\\\/#website\"},\"datePublished\":\"2024-11-17T09:14:03+00:00\",\"breadcrumb\":{\"@id\":\"https:\\\/\\\/aetherische-oele.net\\\/WP\\\/die-richtige-art-und-weise-aetherische-oele-zu-riechen\\\/#breadcrumb\"},\"inLanguage\":\"de\",\"potentialAction\":[{\"@type\":\"ReadAction\",\"target\":[\"https:\\\/\\\/aetherische-oele.net\\\/WP\\\/die-richtige-art-und-weise-aetherische-oele-zu-riechen\\\/\"]}]},{\"@type\":\"BreadcrumbList\",\"@id\":\"https:\\\/\\\/aetherische-oele.net\\\/WP\\\/die-richtige-art-und-weise-aetherische-oele-zu-riechen\\\/#breadcrumb\",\"itemListElement\":[{\"@type\":\"ListItem\",\"position\":1,\"name\":\"Startseite\",\"item\":\"https:\\\/\\\/aetherische-oele.net\\\/WP\\\/\"},{\"@type\":\"ListItem\",\"position\":2,\"name\":\"Die richtige Art und Weise, \u00e4therische \u00d6le zu riechen\"}]},{\"@type\":\"WebSite\",\"@id\":\"https:\\\/\\\/aetherische-oele.net\\\/WP\\\/#website\",\"url\":\"https:\\\/\\\/aetherische-oele.net\\\/WP\\\/\",\"name\":\"Aromatherapie - Aromapflege - \u00c4therische \u00d6le\",\"description\":\"Das Kompendium online\",\"potentialAction\":[{\"@type\":\"SearchAction\",\"target\":{\"@type\":\"EntryPoint\",\"urlTemplate\":\"https:\\\/\\\/aetherische-oele.net\\\/WP\\\/?s={search_term_string}\"},\"query-input\":{\"@type\":\"PropertyValueSpecification\",\"valueRequired\":true,\"valueName\":\"search_term_string\"}}],\"inLanguage\":\"de\"}]}<\/script>\n<!-- \/ Yoast SEO plugin. -->","yoast_head_json":{"title":"Die richtige Art und Weise, \u00e4therische \u00d6le zu riechen - Aromatherapie - Aromapflege - \u00c4therische \u00d6le","robots":{"index":"index","follow":"follow","max-snippet":"max-snippet:-1","max-image-preview":"max-image-preview:large","max-video-preview":"max-video-preview:-1"},"canonical":"https:\/\/aetherische-oele.net\/WP\/die-richtige-art-und-weise-aetherische-oele-zu-riechen\/","og_locale":"de_DE","og_type":"article","og_title":"Die richtige Art und Weise, \u00e4therische \u00d6le zu riechen - Aromatherapie - Aromapflege - \u00c4therische \u00d6le","og_description":"Die richtige Art und Weise, \u00e4therische \u00d6le zu riechen &nbsp; Jeder m\u00f6chte die wunderbaren (und nicht so wunderbaren) D\u00fcfte der \u00e4therischen \u00d6le riechen, aber die meisten Leute riechen sie falsch. Warum? Sie wollen direkt aus der Flasche daran riechen. Das ist einer der schlimmsten Wege, um zu &#8222;erfahren&#8220;, wie ein \u00d6l duftet! &nbsp; Besser geht [&hellip;]","og_url":"https:\/\/aetherische-oele.net\/WP\/die-richtige-art-und-weise-aetherische-oele-zu-riechen\/","og_site_name":"Aromatherapie - Aromapflege - \u00c4therische \u00d6le","twitter_card":"summary_large_image","twitter_misc":{"Gesch\u00e4tzte Lesezeit":"2\u00a0Minuten"},"schema":{"@context":"https:\/\/schema.org","@graph":[{"@type":"WebPage","@id":"https:\/\/aetherische-oele.net\/WP\/die-richtige-art-und-weise-aetherische-oele-zu-riechen\/","url":"https:\/\/aetherische-oele.net\/WP\/die-richtige-art-und-weise-aetherische-oele-zu-riechen\/","name":"Die richtige Art und Weise, \u00e4therische \u00d6le zu riechen - Aromatherapie - Aromapflege - \u00c4therische \u00d6le","isPartOf":{"@id":"https:\/\/aetherische-oele.net\/WP\/#website"},"datePublished":"2024-11-17T09:14:03+00:00","breadcrumb":{"@id":"https:\/\/aetherische-oele.net\/WP\/die-richtige-art-und-weise-aetherische-oele-zu-riechen\/#breadcrumb"},"inLanguage":"de","potentialAction":[{"@type":"ReadAction","target":["https:\/\/aetherische-oele.net\/WP\/die-richtige-art-und-weise-aetherische-oele-zu-riechen\/"]}]},{"@type":"BreadcrumbList","@id":"https:\/\/aetherische-oele.net\/WP\/die-richtige-art-und-weise-aetherische-oele-zu-riechen\/#breadcrumb","itemListElement":[{"@type":"ListItem","position":1,"name":"Startseite","item":"https:\/\/aetherische-oele.net\/WP\/"},{"@type":"ListItem","position":2,"name":"Die richtige Art und Weise, \u00e4therische \u00d6le zu riechen"}]},{"@type":"WebSite","@id":"https:\/\/aetherische-oele.net\/WP\/#website","url":"https:\/\/aetherische-oele.net\/WP\/","name":"Aromatherapie - Aromapflege - \u00c4therische \u00d6le","description":"Das Kompendium online","potentialAction":[{"@type":"SearchAction","target":{"@type":"EntryPoint","urlTemplate":"https:\/\/aetherische-oele.net\/WP\/?s={search_term_string}"},"query-input":{"@type":"PropertyValueSpecification","valueRequired":true,"valueName":"search_term_string"}}],"inLanguage":"de"}]}},"jetpack_sharing_enabled":true,"public_identification_id":"d93b419d3f184e2a84a8d03c6fd13cb0","private_identification_id":"efd4e716b8d241c2abf488b07008767d","_links":{"self":[{"href":"https:\/\/aetherische-oele.net\/WP\/wp-json\/wp\/v2\/pages\/3796","targetHints":{"allow":["GET"]}}],"collection":[{"href":"https:\/\/aetherische-oele.net\/WP\/wp-json\/wp\/v2\/pages"}],"about":[{"href":"https:\/\/aetherische-oele.net\/WP\/wp-json\/wp\/v2\/types\/page"}],"author":[{"embeddable":true,"href":"https:\/\/aetherische-oele.net\/WP\/wp-json\/wp\/v2\/users\/1"}],"replies":[{"embeddable":true,"href":"https:\/\/aetherische-oele.net\/WP\/wp-json\/wp\/v2\/comments?post=3796"}],"version-history":[{"count":1,"href":"https:\/\/aetherische-oele.net\/WP\/wp-json\/wp\/v2\/pages\/3796\/revisions"}],"predecessor-version":[{"id":3797,"href":"https:\/\/aetherische-oele.net\/WP\/wp-json\/wp\/v2\/pages\/3796\/revisions\/3797"}],"wp:attachment":[{"href":"https:\/\/aetherische-oele.net\/WP\/wp-json\/wp\/v2\/media?parent=3796"}],"curies":[{"name":"wp","href":"https:\/\/api.w.org\/{rel}","templated":true}]}}