{"id":3799,"date":"2024-11-17T10:18:15","date_gmt":"2024-11-17T09:18:15","guid":{"rendered":"https:\/\/aetherische-oele.net\/WP\/?page_id=3799"},"modified":"2024-11-17T10:18:15","modified_gmt":"2024-11-17T09:18:15","slug":"yuzuoel","status":"publish","type":"page","link":"https:\/\/aetherische-oele.net\/WP\/yuzuoel\/","title":{"rendered":"Yuzu\u00f6l"},"content":{"rendered":"<div>\n<h1 class=\"nobreak\">Yuzu\u00f6l<\/h1>\n<\/div>\n<div>\nYuzu\u00f6l ist ein wunderbar erfrischendes, zitroniges, blumiges Aroma\u00f6l, das eine aufbauende Wirkung auf die Stimmung hat. Yuzu\u00f6l ist ein seltenes \u00d6l, es ist ideal f\u00fcr den Stressabbau und gegen Angst! Es hilft auch w\u00e4hrend der Erk\u00e4ltungs- und Grippesaison, um die Luft sauber und frisch zu halten und das Immunsystem zu st\u00e4rken.<\/p>\n<p>Die Yuzu w\u00e4chst an einem kleinen Baum und sieht etwas wie kleine Orangen oder Mandarinen aus. Die Fr\u00fcchte und Bl\u00fcten duften sehr aromatisch. Das \u00e4therische \u00d6l ist eine k\u00f6stliche spritzige Mischung aus <a href=\"https:\/\/aetherische-oele.net\/WP\/grapefruitoel-citrus-paradisi\/\">Grapefruit<\/a>, <a href=\"https:\/\/aetherische-oele.net\/WP\/bergamotteoel-citrus-bergamia\/\">Bergamotte<\/a>, <a href=\"https:\/\/aetherische-oele.net\/WP\/limette-citrus-aurantifolia\/\">Limette<\/a> und <a href=\"https:\/\/aetherische-oele.net\/WP\/mandarinenoel-citrus-reticulata\/\">Mandarine<\/a>.<\/p>\n<h3><\/h3>\n<h3>Rezept &#8211; aufbauende Duftmischung<\/h3>\n<p>Sie brauchen dazu:<br \/>\n5 Tropfen Yuzu<br \/>\n3 Tropfen <a href=\"https:\/\/aetherische-oele.net\/WP\/sandelholz-santalum-album\/\">Sandelholz<\/a><br \/>\n4 Tropfen <a href=\"https:\/\/aetherische-oele.net\/WP\/lavendeloel-lavandula-angustifolia\/\">Lavendel<\/a><br \/>\n5 Tropfen Petitgrain<\/p>\n<p>In 60 ml Tr\u00e4ger\u00f6l mischen, dann Brust und Hals mehrmals t\u00e4glich damit einreiben.<\/p><\/div>\n<p>&nbsp;<\/p>\n<div>\n<h2 class=\"nobreak\">Steckbrief von Yuzu\u00f6l<\/h2>\n<\/div>\n<div>\n<div id=\"container0\">\n<div class=\"box\"><strong>Extraktionsmethode:<\/strong><br \/>\nKaltpressung<\/p>\n<p><strong>Chemische <a href=\"https:\/\/aetherische-oele.net\/WP\/oele-und-inhaltsstoffe-und-wirkung\/\">Inhaltsstoffe<\/a> u.a.:<\/strong><br \/>\n<a href=\"https:\/\/aetherische-oele.net\/WP\/monoterpene\/\">Monoterpene<\/a><\/p>\n<p><strong>Pflanzenteile:<\/strong><br \/>\nFruchtrinde<\/p>\n<p><strong>Duftrichtung:<\/strong><br \/>\nZitronig, frisch und fruchtig, s\u00fc\u00df<\/p>\n<p><strong>Note:<\/strong><br \/>\nKopfnote<\/div>\n<\/div>\n<\/div>\n<p>&nbsp;<\/p>\n<div>\n<h2 class=\"nobreak\">Anwendungsgebiete von Yuzu\u00f6l<\/h2>\n<\/div>\n<div>\n<div id=\"container1\">\n<div class=\"box\">\n<h3>Therapeutische Eigenschaften<\/h3>\n<ul>\n<li>Antidepressiv<\/li>\n<li>Antiseptisch &#8211; hilft gegen Keime und Krankheitserreger<\/li>\n<li>Krampfl\u00f6send &#8211; lindert Spasmen und Kr\u00e4mpfe<\/li>\n<li>Antiviral<\/li>\n<li>Bakterizid &#8211; vernichtet Bakterien<\/li>\n<li>Gegen Bl\u00e4hungen<\/li>\n<li>Verdauungssystem stimulierend<\/li>\n<li>Als Beruhigungsmittel<\/li>\n<li>Regt den Magen an<\/li>\n<\/ul>\n<\/div>\n<div class=\"box\">\n<h3>Emotionale und energetische Eigenschaften<\/h3>\n<ul>\n<li>Setzt Energie frei.<\/li>\n<li>Beruhigt diejenigen, die z\u00f6gern, andere um Hilfe zu bitten.<\/li>\n<\/ul>\n<\/div>\n<\/div>\n<\/div>\n<p>&nbsp;<\/p>\n<div>\n<h2 class=\"nobreak\">Vorsicht<\/h2>\n<\/div>\n<div>Kann Hautreizungen verursachen.<br \/>\nBei niedrigen Verd\u00fcnnung (1 %, 5 &#8211; 6 Tropfen auf 30 ml Tr\u00e4ger\u00f6l) auf der Haut, wie z. B. im Bad oder in Massage\u00f6len, kann es zu Ausschl\u00e4gen und Reizungen kommen.<\/p>\n<p>\u00c4ltere, oxidierte \u00d6le erh\u00f6hen die Gefahr f\u00fcr Hautreizungen.<\/p>\n<p>Yuzu kann phototoxisch wirken, also Vorsicht beim Sonnenbad!<\/p><\/div>\n","protected":false},"excerpt":{"rendered":"<p>Yuzu\u00f6l Yuzu\u00f6l ist ein wunderbar erfrischendes, zitroniges, blumiges Aroma\u00f6l, das eine aufbauende Wirkung auf die Stimmung hat. Yuzu\u00f6l ist ein seltenes \u00d6l, es ist ideal f\u00fcr den Stressabbau und gegen Angst! Es hilft auch w\u00e4hrend der Erk\u00e4ltungs- und Grippesaison, um die Luft sauber und frisch zu halten und das Immunsystem zu st\u00e4rken. Die Yuzu w\u00e4chst [&hellip;]<\/p>\n","protected":false},"author":1,"featured_media":0,"parent":0,"menu_order":0,"comment_status":"closed","ping_status":"closed","template":"","meta":{"_coblocks_attr":"","_coblocks_dimensions":"","_coblocks_responsive_height":"","_coblocks_accordion_ie_support":"","_metis_text_type":"standard","_metis_text_length":1774,"_post_count":0,"footnotes":""},"class_list":["post-3799","page","type-page","status-publish","hentry"],"yoast_head":"<!-- This site is optimized with the Yoast SEO plugin v27.3 - https:\/\/yoast.com\/product\/yoast-seo-wordpress\/ -->\n<title>Yuzu\u00f6l - Aromatherapie - Aromapflege - \u00c4therische \u00d6le<\/title>\n<meta name=\"robots\" content=\"index, follow, max-snippet:-1, max-image-preview:large, max-video-preview:-1\" \/>\n<link rel=\"canonical\" href=\"https:\/\/aetherische-oele.net\/WP\/yuzuoel\/\" \/>\n<meta property=\"og:locale\" content=\"de_DE\" \/>\n<meta property=\"og:type\" content=\"article\" \/>\n<meta property=\"og:title\" content=\"Yuzu\u00f6l - Aromatherapie - Aromapflege - \u00c4therische \u00d6le\" \/>\n<meta property=\"og:description\" content=\"Yuzu\u00f6l Yuzu\u00f6l ist ein wunderbar erfrischendes, zitroniges, blumiges Aroma\u00f6l, das eine aufbauende Wirkung auf die Stimmung hat. Yuzu\u00f6l ist ein seltenes \u00d6l, es ist ideal f\u00fcr den Stressabbau und gegen Angst! Es hilft auch w\u00e4hrend der Erk\u00e4ltungs- und Grippesaison, um die Luft sauber und frisch zu halten und das Immunsystem zu st\u00e4rken. Die Yuzu w\u00e4chst [&hellip;]\" \/>\n<meta property=\"og:url\" content=\"https:\/\/aetherische-oele.net\/WP\/yuzuoel\/\" \/>\n<meta property=\"og:site_name\" content=\"Aromatherapie - Aromapflege - \u00c4therische \u00d6le\" \/>\n<meta name=\"twitter:card\" content=\"summary_large_image\" \/>\n<meta name=\"twitter:label1\" content=\"Gesch\u00e4tzte Lesezeit\" \/>\n\t<meta name=\"twitter:data1\" content=\"2\u00a0Minuten\" \/>\n<script type=\"application\/ld+json\" class=\"yoast-schema-graph\">{\"@context\":\"https:\\\/\\\/schema.org\",\"@graph\":[{\"@type\":\"WebPage\",\"@id\":\"https:\\\/\\\/aetherische-oele.net\\\/WP\\\/yuzuoel\\\/\",\"url\":\"https:\\\/\\\/aetherische-oele.net\\\/WP\\\/yuzuoel\\\/\",\"name\":\"Yuzu\u00f6l - Aromatherapie - Aromapflege - \u00c4therische \u00d6le\",\"isPartOf\":{\"@id\":\"https:\\\/\\\/aetherische-oele.net\\\/WP\\\/#website\"},\"datePublished\":\"2024-11-17T09:18:15+00:00\",\"breadcrumb\":{\"@id\":\"https:\\\/\\\/aetherische-oele.net\\\/WP\\\/yuzuoel\\\/#breadcrumb\"},\"inLanguage\":\"de\",\"potentialAction\":[{\"@type\":\"ReadAction\",\"target\":[\"https:\\\/\\\/aetherische-oele.net\\\/WP\\\/yuzuoel\\\/\"]}]},{\"@type\":\"BreadcrumbList\",\"@id\":\"https:\\\/\\\/aetherische-oele.net\\\/WP\\\/yuzuoel\\\/#breadcrumb\",\"itemListElement\":[{\"@type\":\"ListItem\",\"position\":1,\"name\":\"Startseite\",\"item\":\"https:\\\/\\\/aetherische-oele.net\\\/WP\\\/\"},{\"@type\":\"ListItem\",\"position\":2,\"name\":\"Yuzu\u00f6l\"}]},{\"@type\":\"WebSite\",\"@id\":\"https:\\\/\\\/aetherische-oele.net\\\/WP\\\/#website\",\"url\":\"https:\\\/\\\/aetherische-oele.net\\\/WP\\\/\",\"name\":\"Aromatherapie - Aromapflege - \u00c4therische \u00d6le\",\"description\":\"Das Kompendium online\",\"potentialAction\":[{\"@type\":\"SearchAction\",\"target\":{\"@type\":\"EntryPoint\",\"urlTemplate\":\"https:\\\/\\\/aetherische-oele.net\\\/WP\\\/?s={search_term_string}\"},\"query-input\":{\"@type\":\"PropertyValueSpecification\",\"valueRequired\":true,\"valueName\":\"search_term_string\"}}],\"inLanguage\":\"de\"}]}<\/script>\n<!-- \/ Yoast SEO plugin. -->","yoast_head_json":{"title":"Yuzu\u00f6l - Aromatherapie - Aromapflege - \u00c4therische \u00d6le","robots":{"index":"index","follow":"follow","max-snippet":"max-snippet:-1","max-image-preview":"max-image-preview:large","max-video-preview":"max-video-preview:-1"},"canonical":"https:\/\/aetherische-oele.net\/WP\/yuzuoel\/","og_locale":"de_DE","og_type":"article","og_title":"Yuzu\u00f6l - Aromatherapie - Aromapflege - \u00c4therische \u00d6le","og_description":"Yuzu\u00f6l Yuzu\u00f6l ist ein wunderbar erfrischendes, zitroniges, blumiges Aroma\u00f6l, das eine aufbauende Wirkung auf die Stimmung hat. Yuzu\u00f6l ist ein seltenes \u00d6l, es ist ideal f\u00fcr den Stressabbau und gegen Angst! Es hilft auch w\u00e4hrend der Erk\u00e4ltungs- und Grippesaison, um die Luft sauber und frisch zu halten und das Immunsystem zu st\u00e4rken. Die Yuzu w\u00e4chst [&hellip;]","og_url":"https:\/\/aetherische-oele.net\/WP\/yuzuoel\/","og_site_name":"Aromatherapie - Aromapflege - \u00c4therische \u00d6le","twitter_card":"summary_large_image","twitter_misc":{"Gesch\u00e4tzte Lesezeit":"2\u00a0Minuten"},"schema":{"@context":"https:\/\/schema.org","@graph":[{"@type":"WebPage","@id":"https:\/\/aetherische-oele.net\/WP\/yuzuoel\/","url":"https:\/\/aetherische-oele.net\/WP\/yuzuoel\/","name":"Yuzu\u00f6l - Aromatherapie - Aromapflege - \u00c4therische \u00d6le","isPartOf":{"@id":"https:\/\/aetherische-oele.net\/WP\/#website"},"datePublished":"2024-11-17T09:18:15+00:00","breadcrumb":{"@id":"https:\/\/aetherische-oele.net\/WP\/yuzuoel\/#breadcrumb"},"inLanguage":"de","potentialAction":[{"@type":"ReadAction","target":["https:\/\/aetherische-oele.net\/WP\/yuzuoel\/"]}]},{"@type":"BreadcrumbList","@id":"https:\/\/aetherische-oele.net\/WP\/yuzuoel\/#breadcrumb","itemListElement":[{"@type":"ListItem","position":1,"name":"Startseite","item":"https:\/\/aetherische-oele.net\/WP\/"},{"@type":"ListItem","position":2,"name":"Yuzu\u00f6l"}]},{"@type":"WebSite","@id":"https:\/\/aetherische-oele.net\/WP\/#website","url":"https:\/\/aetherische-oele.net\/WP\/","name":"Aromatherapie - Aromapflege - \u00c4therische \u00d6le","description":"Das Kompendium online","potentialAction":[{"@type":"SearchAction","target":{"@type":"EntryPoint","urlTemplate":"https:\/\/aetherische-oele.net\/WP\/?s={search_term_string}"},"query-input":{"@type":"PropertyValueSpecification","valueRequired":true,"valueName":"search_term_string"}}],"inLanguage":"de"}]}},"jetpack_sharing_enabled":true,"public_identification_id":"23b4548f5e07427684fffb75a68ab67a","private_identification_id":"9472d053a9f2457c99b4d5d752de2ad2","_links":{"self":[{"href":"https:\/\/aetherische-oele.net\/WP\/wp-json\/wp\/v2\/pages\/3799","targetHints":{"allow":["GET"]}}],"collection":[{"href":"https:\/\/aetherische-oele.net\/WP\/wp-json\/wp\/v2\/pages"}],"about":[{"href":"https:\/\/aetherische-oele.net\/WP\/wp-json\/wp\/v2\/types\/page"}],"author":[{"embeddable":true,"href":"https:\/\/aetherische-oele.net\/WP\/wp-json\/wp\/v2\/users\/1"}],"replies":[{"embeddable":true,"href":"https:\/\/aetherische-oele.net\/WP\/wp-json\/wp\/v2\/comments?post=3799"}],"version-history":[{"count":2,"href":"https:\/\/aetherische-oele.net\/WP\/wp-json\/wp\/v2\/pages\/3799\/revisions"}],"predecessor-version":[{"id":3801,"href":"https:\/\/aetherische-oele.net\/WP\/wp-json\/wp\/v2\/pages\/3799\/revisions\/3801"}],"wp:attachment":[{"href":"https:\/\/aetherische-oele.net\/WP\/wp-json\/wp\/v2\/media?parent=3799"}],"curies":[{"name":"wp","href":"https:\/\/api.w.org\/{rel}","templated":true}]}}